{"id":6369,"date":"2021-02-03T07:59:20","date_gmt":"2021-02-03T11:59:20","guid":{"rendered":"https:\/\/www.compareclt.com\/store-services-amenities"},"modified":"2021-02-08T13:24:04","modified_gmt":"2021-02-08T17:24:04","slug":"store-services-amenities","status":"publish","type":"page","link":"https:\/\/www.compareclt.com\/es\/store-services-amenities","title":{"rendered":"Servicios y localidades de las tiendas"},"content":{"rendered":"<div id=\"pl-6369\"  class=\"panel-layout\" ><div id=\"pg-6369-0\"  class=\"panel-grid panel-no-style\" ><div id=\"pgc-6369-0-0\"  class=\"panel-grid-cell\" ><div id=\"panel-6369-0-0-0\" class=\"so-panel widget widget_sow-editor panel-first-child panel-last-child\" data-index=\"0\" ><div class=\"panel-widget-style panel-widget-style-for-6369-0-0-0\" ><div\n\t\t\t\n\t\t\tclass=\"so-widget-sow-editor so-widget-sow-editor-base\"\n\t\t\t\n\t\t>\n<div class=\"siteorigin-widget-tinymce textwidget\">\n\t<h3>Compare Foods<\/h3>\n<h5>4316 N Tryon Street,\u00a0Charlotte, NC 28213<\/h5>\n<p><\/p>\n<h5><strong>Disponible en Servicio al Cliente<\/strong><\/h5>\n<p>Transferencias bancarias<br \/>\n\u00d3rdenes de pago<br \/>\nPagos de facturas<br \/>\nBoletos de loter\u00eda<br \/>\nTarjetas telef\u00f3nicas y recargables<br \/>\nCambio de cheques<br \/>\n<\/p>\n<h5><strong>Servicios adicionales<\/strong><\/h5>\n<p>4300 Fusion Bakery<br \/>\nJoyas El Tesoro<br \/>\nElotes y esquites<br \/>\nTaquer\u00eda El Tri<br \/>\nTel\u00e9fonos m\u00f3viles TQS Inc.<\/p>\n<\/div>\n<\/div><\/div><\/div><\/div><div id=\"pgc-6369-0-1\"  class=\"panel-grid-cell panel-grid-cell-empty\" ><\/div><div id=\"pgc-6369-0-2\"  class=\"panel-grid-cell\" ><div id=\"panel-6369-0-2-0\" class=\"so-panel widget widget_sow-editor panel-first-child panel-last-child\" data-index=\"1\" ><div class=\"panel-widget-style panel-widget-style-for-6369-0-2-0\" ><div\n\t\t\t\n\t\t\tclass=\"so-widget-sow-editor so-widget-sow-editor-base\"\n\t\t\t\n\t\t>\n<div class=\"siteorigin-widget-tinymce textwidget\">\n\t<h3>Compare Foods<\/h3>\n<h5>818 E Arrowood Road, Charlotte, NC 28217<\/h5>\n<p><\/p>\n<h5><strong>Disponible en Servicio al Cliente<\/strong><\/h5>\n<p>Transferencias bancarias<br \/>\n\u00d3rdenes de pago<br \/>\nPagos de facturas<br \/>\nBoletos de loter\u00eda<br \/>\nTarjetas telef\u00f3nicas y recargables<br \/>\n<\/p>\n<h5><strong>Servicios adicionales<\/strong><\/h5>\n<p>Panader\u00eda Fusi\u00f3n Latinoamericana<br \/>\nJoyas El Tesoro<br \/>\nAgencia de seguros AB<br \/>\nRestaurante Deli - Pedro Mena<br \/>\nD\u2019System Wireless<\/p>\n<\/div>\n<\/div><\/div><\/div><\/div><\/div><div id=\"pg-6369-1\"  class=\"panel-grid panel-no-style\" ><div id=\"pgc-6369-1-0\"  class=\"panel-grid-cell\" ><div id=\"panel-6369-1-0-0\" class=\"so-panel widget widget_sow-editor panel-first-child panel-last-child\" data-index=\"2\" ><div class=\"panel-widget-style panel-widget-style-for-6369-1-0-0\" ><div\n\t\t\t\n\t\t\tclass=\"so-widget-sow-editor so-widget-sow-editor-base\"\n\t\t\t\n\t\t>\n<div class=\"siteorigin-widget-tinymce textwidget\">\n\t<h3>Compare Foods<\/h3>\n<h5>3600 N Sharon Amity Road, Charlotte, NC 28205<\/h5>\n<p><\/p>\n<h5><strong>Disponible en Servicio al Cliente<\/strong><\/h5>\n<p>Transferencias bancarias<br \/>\n\u00d3rdenes de pago<br \/>\nPagos de facturas<br \/>\nBoletos de loter\u00eda<br \/>\nTarjetas telef\u00f3nicas y recargables<br \/>\nCambio de cheques<br \/>\n<\/p>\n<h5><strong>Servicios adicionales<\/strong><\/h5>\n<p>Joyas El Tesoro<br \/>\nAgencia Las Carolinas<br \/>\nNovedades Kimberly Clothing<br \/>\nMedicina natural de Vita Health<br \/>\nD\u2019System Wireless<\/p>\n<\/div>\n<\/div><\/div><\/div><\/div><div id=\"pgc-6369-1-1\"  class=\"panel-grid-cell panel-grid-cell-empty\" ><\/div><div id=\"pgc-6369-1-2\"  class=\"panel-grid-cell\" ><div id=\"panel-6369-1-2-0\" class=\"so-panel widget widget_sow-editor panel-first-child panel-last-child\" data-index=\"3\" ><div class=\"panel-widget-style panel-widget-style-for-6369-1-2-0\" ><div\n\t\t\t\n\t\t\tclass=\"so-widget-sow-editor so-widget-sow-editor-base\"\n\t\t\t\n\t\t>\n<div class=\"siteorigin-widget-tinymce textwidget\">\n\t<h3>Compare Foods<\/h3>\n<h5>201 W Arrowood Road, Charlotte, NC 28273<\/h5>\n<p><\/p>\n<h5><strong>Disponible en Servicio al Cliente<\/strong><\/h5>\n<p>Transferencias bancarias<br \/>\n\u00d3rdenes de pago<br \/>\nPago de la factura<br \/>\nBoletos de loter\u00eda<br \/>\nTarjetas telef\u00f3nicas y recargables<br \/>\n<\/p>\n<h5><strong>Servicios adicionales<\/strong><\/h5>\n<p>Joyas El Tesoro<br \/>\nPanader\u00eda Fusi\u00f3n Latinoamericana<br \/>\nFicohsa Express<br \/>\nRestaurante El Riconcito de Todos<br \/>\nIn Touch Wireless<\/p>\n<\/div>\n<\/div><\/div><\/div><\/div><\/div><\/div>","protected":false},"excerpt":{"rendered":"<p>Compare Foods 4316 N Tryon Street,\u00a0Charlotte, NC 28213 Disponible en Servicio al Cliente Transferencias bancarias \u00d3rdenes de pago Pagos de facturas Boletos de loter\u00eda Tarjetas telef\u00f3nicas y recargables Cambio de cheques Servicios adicionales 4300 Fusion Bakery Joyas El Tesoro Elotes y esquites Taquer\u00eda El Tri Tel\u00e9fonos m\u00f3viles TQS Inc. Compare Foods 818 E Arrowood Road, [&hellip;]<\/p>\n","protected":false},"author":5,"featured_media":0,"parent":0,"menu_order":0,"comment_status":"closed","ping_status":"closed","template":"","meta":{"footnotes":""},"class_list":["post-6369","page","type-page","status-publish","hentry","wpautop"],"yoast_head":"<!-- This site is optimized with the Yoast SEO plugin v26.0 - https:\/\/yoast.com\/wordpress\/plugins\/seo\/ -->\n<title>Servicios y localidades de las tiendas - Compare Foods Charlotte<\/title>\n<meta name=\"robots\" content=\"index, follow, max-snippet:-1, max-image-preview:large, max-video-preview:-1\" \/>\n<link rel=\"canonical\" href=\"https:\/\/www.compareclt.com\/es\/store-services-amenities\" \/>\n<meta property=\"og:locale\" content=\"es_ES\" \/>\n<meta property=\"og:type\" content=\"article\" \/>\n<meta property=\"og:title\" content=\"Servicios y localidades de las tiendas - Compare Foods Charlotte\" \/>\n<meta property=\"og:description\" content=\"Compare Foods 4316 N Tryon Street,\u00a0Charlotte, NC 28213 Disponible en Servicio al Cliente Transferencias bancarias \u00d3rdenes de pago Pagos de facturas Boletos de loter\u00eda Tarjetas telef\u00f3nicas y recargables Cambio de cheques Servicios adicionales 4300 Fusion Bakery Joyas El Tesoro Elotes y esquites Taquer\u00eda El Tri Tel\u00e9fonos m\u00f3viles TQS Inc. Compare Foods 818 E Arrowood Road, [&hellip;]\" \/>\n<meta property=\"og:url\" content=\"https:\/\/www.compareclt.com\/es\/store-services-amenities\" \/>\n<meta property=\"og:site_name\" content=\"Compare Foods Charlotte\" \/>\n<meta property=\"article:modified_time\" content=\"2021-02-08T17:24:04+00:00\" \/>\n<meta property=\"og:image\" content=\"https:\/\/www.compareclt.com\/wp-content\/uploads\/2020\/11\/logo.png\" \/>\n\t<meta property=\"og:image:width\" content=\"1024\" \/>\n\t<meta property=\"og:image:height\" content=\"474\" \/>\n\t<meta property=\"og:image:type\" content=\"image\/png\" \/>\n<meta name=\"twitter:card\" content=\"summary_large_image\" \/>\n<meta name=\"twitter:label1\" content=\"Tiempo de lectura\" \/>\n\t<meta name=\"twitter:data1\" content=\"1 minuto\" \/>\n<script type=\"application\/ld+json\" class=\"yoast-schema-graph\">{\"@context\":\"https:\/\/schema.org\",\"@graph\":[{\"@type\":\"WebPage\",\"@id\":\"https:\/\/www.compareclt.com\/es\/store-services-amenities\",\"url\":\"https:\/\/www.compareclt.com\/es\/store-services-amenities\",\"name\":\"Servicios y localidades de las tiendas - Compare Foods Charlotte\",\"isPartOf\":{\"@id\":\"https:\/\/www.compareclt.com\/#website\"},\"datePublished\":\"2021-02-03T11:59:20+00:00\",\"dateModified\":\"2021-02-08T17:24:04+00:00\",\"breadcrumb\":{\"@id\":\"https:\/\/www.compareclt.com\/es\/store-services-amenities#breadcrumb\"},\"inLanguage\":\"es\",\"potentialAction\":[{\"@type\":\"ReadAction\",\"target\":[\"https:\/\/www.compareclt.com\/es\/store-services-amenities\"]}]},{\"@type\":\"BreadcrumbList\",\"@id\":\"https:\/\/www.compareclt.com\/es\/store-services-amenities#breadcrumb\",\"itemListElement\":[{\"@type\":\"ListItem\",\"position\":1,\"name\":\"Home\",\"item\":\"https:\/\/www.compareclt.com\/es\"},{\"@type\":\"ListItem\",\"position\":2,\"name\":\"Servicios y localidades de las tiendas\"}]},{\"@type\":\"WebSite\",\"@id\":\"https:\/\/www.compareclt.com\/#website\",\"url\":\"https:\/\/www.compareclt.com\/\",\"name\":\"Compare Foods Charlotte\",\"description\":\"\",\"potentialAction\":[{\"@type\":\"SearchAction\",\"target\":{\"@type\":\"EntryPoint\",\"urlTemplate\":\"https:\/\/www.compareclt.com\/?s={search_term_string}\"},\"query-input\":{\"@type\":\"PropertyValueSpecification\",\"valueRequired\":true,\"valueName\":\"search_term_string\"}}],\"inLanguage\":\"es\"}]}<\/script>\n<!-- \/ Yoast SEO plugin. -->","yoast_head_json":{"title":"Servicios y localidades de las tiendas - Compare Foods Charlotte","robots":{"index":"index","follow":"follow","max-snippet":"max-snippet:-1","max-image-preview":"max-image-preview:large","max-video-preview":"max-video-preview:-1"},"canonical":"https:\/\/www.compareclt.com\/es\/store-services-amenities","og_locale":"es_ES","og_type":"article","og_title":"Servicios y localidades de las tiendas - Compare Foods Charlotte","og_description":"Compare Foods 4316 N Tryon Street,\u00a0Charlotte, NC 28213 Disponible en Servicio al Cliente Transferencias bancarias \u00d3rdenes de pago Pagos de facturas Boletos de loter\u00eda Tarjetas telef\u00f3nicas y recargables Cambio de cheques Servicios adicionales 4300 Fusion Bakery Joyas El Tesoro Elotes y esquites Taquer\u00eda El Tri Tel\u00e9fonos m\u00f3viles TQS Inc. Compare Foods 818 E Arrowood Road, [&hellip;]","og_url":"https:\/\/www.compareclt.com\/es\/store-services-amenities","og_site_name":"Compare Foods Charlotte","article_modified_time":"2021-02-08T17:24:04+00:00","og_image":[{"width":1024,"height":474,"url":"https:\/\/www.compareclt.com\/wp-content\/uploads\/2020\/11\/logo.png","type":"image\/png"}],"twitter_card":"summary_large_image","twitter_misc":{"Tiempo de lectura":"1 minuto"},"schema":{"@context":"https:\/\/schema.org","@graph":[{"@type":"WebPage","@id":"https:\/\/www.compareclt.com\/es\/store-services-amenities","url":"https:\/\/www.compareclt.com\/es\/store-services-amenities","name":"Servicios y localidades de las tiendas - Compare Foods Charlotte","isPartOf":{"@id":"https:\/\/www.compareclt.com\/#website"},"datePublished":"2021-02-03T11:59:20+00:00","dateModified":"2021-02-08T17:24:04+00:00","breadcrumb":{"@id":"https:\/\/www.compareclt.com\/es\/store-services-amenities#breadcrumb"},"inLanguage":"es","potentialAction":[{"@type":"ReadAction","target":["https:\/\/www.compareclt.com\/es\/store-services-amenities"]}]},{"@type":"BreadcrumbList","@id":"https:\/\/www.compareclt.com\/es\/store-services-amenities#breadcrumb","itemListElement":[{"@type":"ListItem","position":1,"name":"Home","item":"https:\/\/www.compareclt.com\/es"},{"@type":"ListItem","position":2,"name":"Servicios y localidades de las tiendas"}]},{"@type":"WebSite","@id":"https:\/\/www.compareclt.com\/#website","url":"https:\/\/www.compareclt.com\/","name":"Compare Foods Charlotte","description":"","potentialAction":[{"@type":"SearchAction","target":{"@type":"EntryPoint","urlTemplate":"https:\/\/www.compareclt.com\/?s={search_term_string}"},"query-input":{"@type":"PropertyValueSpecification","valueRequired":true,"valueName":"search_term_string"}}],"inLanguage":"es"}]}},"_links":{"self":[{"href":"https:\/\/www.compareclt.com\/es\/wp-json\/wp\/v2\/pages\/6369","targetHints":{"allow":["GET"]}}],"collection":[{"href":"https:\/\/www.compareclt.com\/es\/wp-json\/wp\/v2\/pages"}],"about":[{"href":"https:\/\/www.compareclt.com\/es\/wp-json\/wp\/v2\/types\/page"}],"author":[{"embeddable":true,"href":"https:\/\/www.compareclt.com\/es\/wp-json\/wp\/v2\/users\/5"}],"replies":[{"embeddable":true,"href":"https:\/\/www.compareclt.com\/es\/wp-json\/wp\/v2\/comments?post=6369"}],"version-history":[{"count":4,"href":"https:\/\/www.compareclt.com\/es\/wp-json\/wp\/v2\/pages\/6369\/revisions"}],"predecessor-version":[{"id":6372,"href":"https:\/\/www.compareclt.com\/es\/wp-json\/wp\/v2\/pages\/6369\/revisions\/6372"}],"wp:attachment":[{"href":"https:\/\/www.compareclt.com\/es\/wp-json\/wp\/v2\/media?parent=6369"}],"curies":[{"name":"wp","href":"https:\/\/api.w.org\/{rel}","templated":true}]}}