{"id":6364,"date":"2021-02-03T06:36:33","date_gmt":"2021-02-03T10:36:33","guid":{"rendered":"https:\/\/www.compareclt.com\/faq"},"modified":"2021-02-08T13:25:06","modified_gmt":"2021-02-08T17:25:06","slug":"faq","status":"publish","type":"page","link":"https:\/\/www.compareclt.com\/es\/faq","title":{"rendered":"Preguntas m\u00e1s frecuentes"},"content":{"rendered":"<div id=\"pl-6364\"  class=\"panel-layout\" ><div id=\"pg-6364-0\"  class=\"panel-grid panel-no-style\" ><div id=\"pgc-6364-0-0\"  class=\"panel-grid-cell\" ><div id=\"panel-6364-0-0-0\" class=\"so-panel widget widget_sow-editor panel-first-child panel-last-child\" data-index=\"0\" ><div\n\t\t\t\n\t\t\tclass=\"so-widget-sow-editor so-widget-sow-editor-base\"\n\t\t\t\n\t\t>\n<div class=\"siteorigin-widget-tinymce textwidget\">\n\t<h2>\u00bfD\u00f3nde entregan?<\/h2>\n<p>Entregamos dentro de un radio de 5 millas de cada tienda en Charlotte.<\/p>\n<h5><\/h5>\n<p><\/p>\n<h2><span style=\"color: inherit; font-family: inherit;\">\u00bfQu\u00e9 tan pronto estar\u00e1n mis comestibles listos para recoger despu\u00e9s de que los<br \/>\npida?<\/span><\/h2>\n<p>Los pedidos de comestibles en l\u00ednea estar\u00e1n listos dentro de las 3 horas<br \/>\nposteriores a su confirmaci\u00f3n.<\/p>\n<h5><\/h5>\n<p><\/p>\n<h2>\u00bfC\u00f3mo le pido que lleve un producto en particular?<\/h2>\n<p>Queremos asegurarnos de que llevamos los productos que desea. Si hay un art\u00edculo en particular que le gustar\u00eda, pero no puede encontrarlo en nuestra tienda, env\u00edenos un correo electr\u00f3nico a info@compareclt.com. Incluya el nombre del art\u00edculo y la tienda que visit\u00f3. Si tiene una imagen del art\u00edculo, incl\u00fayala con su correo electr\u00f3nico.<\/p>\n<h5><\/h5>\n<p><\/p>\n<h2>\u00bfEs posible enviar o transferir dinero en sus tiendas?<\/h2>\n<p>S\u00ed, nuestras tiendas ofrecen una variedad de formas de transferir dinero y est\u00e1n disponibles en el mostrador de Servicio al Cliente. Aqu\u00ed la <a href=\"https:\/\/www.compareclt.com\/store-services-amenities\">lista<\/a> de lugares y servicios disponibles en la tienda<\/p>\n<h5><\/h5>\n<p><\/p>\n<h2>\u00bfPuedo pagar mis comestibles en l\u00ednea usando mis beneficios de cupones para alimentos?<\/h2>\n<p>A\u00fan no. Estamos trabajando en esto y esperamos tenerlo disponible muy pronto.<\/p>\n<h5><\/h5>\n<p><\/p>\n<h2>\u00bfQu\u00e9 tiendas tienen restaurante?<\/h2>\n<p>Aqu\u00ed puede encontrar una <a href=\"https:\/\/www.compareclt.com\/store-services-amenities\">lista<\/a> de lugares y servicios disponibles por tienda<\/p>\n<\/div>\n<\/div><\/div><\/div><\/div><\/div>","protected":false},"excerpt":{"rendered":"<p>\u00bfD\u00f3nde entregan? Entregamos dentro de un radio de 5 millas de cada tienda en Charlotte. \u00bfQu\u00e9 tan pronto estar\u00e1n mis comestibles listos para recoger despu\u00e9s de que los pida? Los pedidos de comestibles en l\u00ednea estar\u00e1n listos dentro de las 3 horas posteriores a su confirmaci\u00f3n. \u00bfC\u00f3mo le pido que lleve un producto en particular? [&hellip;]<\/p>\n","protected":false},"author":5,"featured_media":0,"parent":0,"menu_order":0,"comment_status":"closed","ping_status":"closed","template":"","meta":{"footnotes":""},"class_list":["post-6364","page","type-page","status-publish","hentry","wpautop"],"yoast_head":"<!-- This site is optimized with the Yoast SEO plugin v26.2 - https:\/\/yoast.com\/wordpress\/plugins\/seo\/ -->\n<title>Preguntas m\u00e1s frecuentes - Compare Foods Charlotte<\/title>\n<meta name=\"robots\" content=\"index, follow, max-snippet:-1, max-image-preview:large, max-video-preview:-1\" \/>\n<link rel=\"canonical\" href=\"https:\/\/www.compareclt.com\/es\/faq\" \/>\n<meta property=\"og:locale\" content=\"es_ES\" \/>\n<meta property=\"og:type\" content=\"article\" \/>\n<meta property=\"og:title\" content=\"Preguntas m\u00e1s frecuentes - Compare Foods Charlotte\" \/>\n<meta property=\"og:description\" content=\"\u00bfD\u00f3nde entregan? Entregamos dentro de un radio de 5 millas de cada tienda en Charlotte. \u00bfQu\u00e9 tan pronto estar\u00e1n mis comestibles listos para recoger despu\u00e9s de que los pida? Los pedidos de comestibles en l\u00ednea estar\u00e1n listos dentro de las 3 horas posteriores a su confirmaci\u00f3n. \u00bfC\u00f3mo le pido que lleve un producto en particular? [&hellip;]\" \/>\n<meta property=\"og:url\" content=\"https:\/\/www.compareclt.com\/es\/faq\" \/>\n<meta property=\"og:site_name\" content=\"Compare Foods Charlotte\" \/>\n<meta property=\"article:modified_time\" content=\"2021-02-08T17:25:06+00:00\" \/>\n<meta property=\"og:image\" content=\"https:\/\/www.compareclt.com\/wp-content\/uploads\/2020\/11\/logo.png\" \/>\n\t<meta property=\"og:image:width\" content=\"1024\" \/>\n\t<meta property=\"og:image:height\" content=\"474\" \/>\n\t<meta property=\"og:image:type\" content=\"image\/png\" \/>\n<meta name=\"twitter:card\" content=\"summary_large_image\" \/>\n<meta name=\"twitter:label1\" content=\"Tiempo de lectura\" \/>\n\t<meta name=\"twitter:data1\" content=\"1 minuto\" \/>\n<script type=\"application\/ld+json\" class=\"yoast-schema-graph\">{\"@context\":\"https:\/\/schema.org\",\"@graph\":[{\"@type\":\"WebPage\",\"@id\":\"https:\/\/www.compareclt.com\/es\/faq\",\"url\":\"https:\/\/www.compareclt.com\/es\/faq\",\"name\":\"Preguntas m\u00e1s frecuentes - Compare Foods Charlotte\",\"isPartOf\":{\"@id\":\"https:\/\/www.compareclt.com\/#website\"},\"datePublished\":\"2021-02-03T10:36:33+00:00\",\"dateModified\":\"2021-02-08T17:25:06+00:00\",\"breadcrumb\":{\"@id\":\"https:\/\/www.compareclt.com\/es\/faq#breadcrumb\"},\"inLanguage\":\"es\",\"potentialAction\":[{\"@type\":\"ReadAction\",\"target\":[\"https:\/\/www.compareclt.com\/es\/faq\"]}]},{\"@type\":\"BreadcrumbList\",\"@id\":\"https:\/\/www.compareclt.com\/es\/faq#breadcrumb\",\"itemListElement\":[{\"@type\":\"ListItem\",\"position\":1,\"name\":\"Home\",\"item\":\"https:\/\/www.compareclt.com\/es\"},{\"@type\":\"ListItem\",\"position\":2,\"name\":\"Preguntas m\u00e1s frecuentes\"}]},{\"@type\":\"WebSite\",\"@id\":\"https:\/\/www.compareclt.com\/#website\",\"url\":\"https:\/\/www.compareclt.com\/\",\"name\":\"Compare Foods Charlotte\",\"description\":\"\",\"potentialAction\":[{\"@type\":\"SearchAction\",\"target\":{\"@type\":\"EntryPoint\",\"urlTemplate\":\"https:\/\/www.compareclt.com\/?s={search_term_string}\"},\"query-input\":{\"@type\":\"PropertyValueSpecification\",\"valueRequired\":true,\"valueName\":\"search_term_string\"}}],\"inLanguage\":\"es\"}]}<\/script>\n<!-- \/ Yoast SEO plugin. -->","yoast_head_json":{"title":"Preguntas m\u00e1s frecuentes - Compare Foods Charlotte","robots":{"index":"index","follow":"follow","max-snippet":"max-snippet:-1","max-image-preview":"max-image-preview:large","max-video-preview":"max-video-preview:-1"},"canonical":"https:\/\/www.compareclt.com\/es\/faq","og_locale":"es_ES","og_type":"article","og_title":"Preguntas m\u00e1s frecuentes - Compare Foods Charlotte","og_description":"\u00bfD\u00f3nde entregan? Entregamos dentro de un radio de 5 millas de cada tienda en Charlotte. \u00bfQu\u00e9 tan pronto estar\u00e1n mis comestibles listos para recoger despu\u00e9s de que los pida? Los pedidos de comestibles en l\u00ednea estar\u00e1n listos dentro de las 3 horas posteriores a su confirmaci\u00f3n. \u00bfC\u00f3mo le pido que lleve un producto en particular? [&hellip;]","og_url":"https:\/\/www.compareclt.com\/es\/faq","og_site_name":"Compare Foods Charlotte","article_modified_time":"2021-02-08T17:25:06+00:00","og_image":[{"width":1024,"height":474,"url":"https:\/\/www.compareclt.com\/wp-content\/uploads\/2020\/11\/logo.png","type":"image\/png"}],"twitter_card":"summary_large_image","twitter_misc":{"Tiempo de lectura":"1 minuto"},"schema":{"@context":"https:\/\/schema.org","@graph":[{"@type":"WebPage","@id":"https:\/\/www.compareclt.com\/es\/faq","url":"https:\/\/www.compareclt.com\/es\/faq","name":"Preguntas m\u00e1s frecuentes - Compare Foods Charlotte","isPartOf":{"@id":"https:\/\/www.compareclt.com\/#website"},"datePublished":"2021-02-03T10:36:33+00:00","dateModified":"2021-02-08T17:25:06+00:00","breadcrumb":{"@id":"https:\/\/www.compareclt.com\/es\/faq#breadcrumb"},"inLanguage":"es","potentialAction":[{"@type":"ReadAction","target":["https:\/\/www.compareclt.com\/es\/faq"]}]},{"@type":"BreadcrumbList","@id":"https:\/\/www.compareclt.com\/es\/faq#breadcrumb","itemListElement":[{"@type":"ListItem","position":1,"name":"Home","item":"https:\/\/www.compareclt.com\/es"},{"@type":"ListItem","position":2,"name":"Preguntas m\u00e1s frecuentes"}]},{"@type":"WebSite","@id":"https:\/\/www.compareclt.com\/#website","url":"https:\/\/www.compareclt.com\/","name":"Compare Foods Charlotte","description":"","potentialAction":[{"@type":"SearchAction","target":{"@type":"EntryPoint","urlTemplate":"https:\/\/www.compareclt.com\/?s={search_term_string}"},"query-input":{"@type":"PropertyValueSpecification","valueRequired":true,"valueName":"search_term_string"}}],"inLanguage":"es"}]}},"_links":{"self":[{"href":"https:\/\/www.compareclt.com\/es\/wp-json\/wp\/v2\/pages\/6364","targetHints":{"allow":["GET"]}}],"collection":[{"href":"https:\/\/www.compareclt.com\/es\/wp-json\/wp\/v2\/pages"}],"about":[{"href":"https:\/\/www.compareclt.com\/es\/wp-json\/wp\/v2\/types\/page"}],"author":[{"embeddable":true,"href":"https:\/\/www.compareclt.com\/es\/wp-json\/wp\/v2\/users\/5"}],"replies":[{"embeddable":true,"href":"https:\/\/www.compareclt.com\/es\/wp-json\/wp\/v2\/comments?post=6364"}],"version-history":[{"count":5,"href":"https:\/\/www.compareclt.com\/es\/wp-json\/wp\/v2\/pages\/6364\/revisions"}],"predecessor-version":[{"id":6374,"href":"https:\/\/www.compareclt.com\/es\/wp-json\/wp\/v2\/pages\/6364\/revisions\/6374"}],"wp:attachment":[{"href":"https:\/\/www.compareclt.com\/es\/wp-json\/wp\/v2\/media?parent=6364"}],"curies":[{"name":"wp","href":"https:\/\/api.w.org\/{rel}","templated":true}]}}