{"id":6358,"date":"2021-02-03T07:12:06","date_gmt":"2021-02-03T11:12:06","guid":{"rendered":"https:\/\/www.compareclt.com\/our-story"},"modified":"2021-03-17T09:56:33","modified_gmt":"2021-03-17T13:56:33","slug":"our-story","status":"publish","type":"page","link":"https:\/\/www.compareclt.com\/es\/our-story","title":{"rendered":"Nuestra historia"},"content":{"rendered":"<div id=\"pl-6358\"  class=\"panel-layout\" ><div id=\"pg-6358-0\"  class=\"panel-grid panel-no-style\" ><div id=\"pgc-6358-0-0\"  class=\"panel-grid-cell\" ><div id=\"panel-6358-0-0-0\" class=\"so-panel widget widget_sow-image panel-first-child panel-last-child\" data-index=\"0\" ><div\n\t\t\t\n\t\t\tclass=\"so-widget-sow-image so-widget-sow-image-default-8b5b6f678277-6358\"\n\t\t\t\n\t\t>\n<div class=\"sow-image-container\">\n\t\t<img \n\tsrc=\"https:\/\/www.compareclt.com\/wp-content\/uploads\/2021\/03\/Our_Story_Image_01.jpg\" width=\"1000\" height=\"639\" srcset=\"https:\/\/www.compareclt.com\/wp-content\/uploads\/2021\/03\/Our_Story_Image_01.jpg 1000w, https:\/\/www.compareclt.com\/wp-content\/uploads\/2021\/03\/Our_Story_Image_01-300x192.jpg 300w, https:\/\/www.compareclt.com\/wp-content\/uploads\/2021\/03\/Our_Story_Image_01-768x491.jpg 768w\" sizes=\"(max-width: 1000px) 100vw, 1000px\" alt=\"\" \t\tclass=\"so-widget-image\"\/>\n\t<\/div>\n\n<\/div><\/div><\/div><div id=\"pgc-6358-0-1\"  class=\"panel-grid-cell\" ><div id=\"panel-6358-0-1-0\" class=\"so-panel widget widget_sow-editor panel-first-child panel-last-child\" data-index=\"1\" ><div\n\t\t\t\n\t\t\tclass=\"so-widget-sow-editor so-widget-sow-editor-base\"\n\t\t\t\n\t\t>\n<div class=\"siteorigin-widget-tinymce textwidget\">\n\t<p>Como parte de la comunidad de Charlotte desde 2005, Compare Foods comenz\u00f3 como\u00a0una tienda familiar \u00fanica en Queens, Nueva York. La familia Pe\u00f1a abri\u00f3 su primera\u00a0tienda en 1978 y r\u00e1pidamente se expandi\u00f3 a los distritos vecinos. Eventualmente, sus\u00a0tiendas atendieron a clientes en Brooklyn, Bronx y Manhattan.<\/p>\n<p>Despu\u00e9s de haber tenido \u00e9xito con estas primeras tiendas, Compare Foods tuvo la\u00a0visi\u00f3n de crear una cadena de supermercados para brindar a las comunidades\u00a0productos de calidad, un servicio excepcional y precios bajos. En 1989, el primer\u00a0Compare Foods abri\u00f3 sus puertas en Freeport, Nueva York. Desde entonces, Compare\u00a0Foods se ha expandido para incluir tiendas en Connecticut, Rhode Island,\u00a0Massachusetts y Carolina del Norte.<\/p>\n<\/div>\n<\/div><\/div><\/div><\/div><div id=\"pg-6358-1\"  class=\"panel-grid panel-no-style\" ><div id=\"pgc-6358-1-0\"  class=\"panel-grid-cell\" ><div id=\"panel-6358-1-0-0\" class=\"so-panel widget widget_sow-editor panel-first-child panel-last-child\" data-index=\"2\" ><div\n\t\t\t\n\t\t\tclass=\"so-widget-sow-editor so-widget-sow-editor-base\"\n\t\t\t\n\t\t>\n<div class=\"siteorigin-widget-tinymce textwidget\">\n\t<p>Con 6 tiendas en el \u00e1rea de Charlotte, Compare Foods a\u00fan aprecia los principios de\u00a0ofrecer productos de calidad, un servicio excepcional y precios bajos. Como empresa\u00a0familiar, estamos orgullosos de llamar hogar a Charlotte y de servir a sus comunidades\u00a0diversas y vibrantes. Brindamos a nuestros clientes lo mejor en carnes, frutas, verduras\u00a0y mariscos. Adem\u00e1s, traemos un mundo de sabor a su hogar al ofrecer una amplia\u00a0selecci\u00f3n de productos internacionales que no se encuentran en ning\u00fan otro lugar de\u00a0Queen City.<\/p>\n<\/div>\n<\/div><\/div><\/div><\/div><div id=\"pg-6358-2\"  class=\"panel-grid panel-no-style\" ><div id=\"pgc-6358-2-0\"  class=\"panel-grid-cell\" ><div id=\"panel-6358-2-0-0\" class=\"so-panel widget widget_sow-editor panel-first-child panel-last-child\" data-index=\"3\" ><div\n\t\t\t\n\t\t\tclass=\"so-widget-sow-editor so-widget-sow-editor-base\"\n\t\t\t\n\t\t>\n<div class=\"siteorigin-widget-tinymce textwidget\">\n\t<p>Dentro de nuestro ADN est\u00e1 el deseo de hacer de cada comunidad a la que servimos\u00a0un lugar mejor. Es por eso que nos asociamos con organizaciones clave para apoyar a\u00a0nuestros clientes en todas las facetas de su vida. Esto incluye trabajar con iglesias,\u00a0servicios para j\u00f3venes y una variedad de organizaciones sin fines de lucro para apoyar\u00a0su misi\u00f3n y hacer de Charlotte un lugar donde todos se sientan bienvenidos y\u00a0apoyados.<\/p>\n<p>Nuestra historia no ha terminado, \u00a1de hecho, reci\u00e9n estamos comenzando! Estamos\u00a0orgullosos de ser parte de la diversidad y el crecimiento de Charlotte. Esperamos poder\u00a0servirle a usted y a su familia todos los d\u00edas. Vis\u00edtenos hoy para experimentar el mundo\u00a0del sabor que solo Compare Foods puede brindar.<\/p>\n<\/div>\n<\/div><\/div><\/div><div id=\"pgc-6358-2-1\"  class=\"panel-grid-cell\" ><div id=\"panel-6358-2-1-0\" class=\"so-panel widget widget_sow-image panel-first-child panel-last-child\" data-index=\"4\" ><div\n\t\t\t\n\t\t\tclass=\"so-widget-sow-image so-widget-sow-image-default-8b5b6f678277-6358\"\n\t\t\t\n\t\t>\n<div class=\"sow-image-container\">\n\t\t<img \n\tsrc=\"https:\/\/www.compareclt.com\/wp-content\/uploads\/2021\/03\/Our_Story_Image_02.jpg\" width=\"1000\" height=\"667\" srcset=\"https:\/\/www.compareclt.com\/wp-content\/uploads\/2021\/03\/Our_Story_Image_02.jpg 1000w, https:\/\/www.compareclt.com\/wp-content\/uploads\/2021\/03\/Our_Story_Image_02-300x200.jpg 300w, https:\/\/www.compareclt.com\/wp-content\/uploads\/2021\/03\/Our_Story_Image_02-768x512.jpg 768w, https:\/\/www.compareclt.com\/wp-content\/uploads\/2021\/03\/Our_Story_Image_02-272x182.jpg 272w\" sizes=\"(max-width: 1000px) 100vw, 1000px\" alt=\"\" \t\tclass=\"so-widget-image\"\/>\n\t<\/div>\n\n<\/div><\/div><\/div><\/div><div id=\"pg-6358-3\"  class=\"panel-grid panel-no-style\" ><div id=\"pgc-6358-3-0\"  class=\"panel-grid-cell\" ><div id=\"panel-6358-3-0-0\" class=\"so-panel widget widget_sow-editor panel-first-child panel-last-child\" data-index=\"5\" ><div\n\t\t\t\n\t\t\tclass=\"so-widget-sow-editor so-widget-sow-editor-base\"\n\t\t\t\n\t\t>\n<div class=\"siteorigin-widget-tinymce textwidget\">\n\t<\/div>\n<\/div><\/div><\/div><\/div><\/div>","protected":false},"excerpt":{"rendered":"<p>Como parte de la comunidad de Charlotte desde 2005, Compare Foods comenz\u00f3 como\u00a0una tienda familiar \u00fanica en Queens, Nueva York. La familia Pe\u00f1a abri\u00f3 su primera\u00a0tienda en 1978 y r\u00e1pidamente se expandi\u00f3 a los distritos vecinos. Eventualmente, sus\u00a0tiendas atendieron a clientes en Brooklyn, Bronx y Manhattan. Despu\u00e9s de haber tenido \u00e9xito con estas primeras tiendas, [&hellip;]<\/p>\n","protected":false},"author":5,"featured_media":0,"parent":0,"menu_order":0,"comment_status":"closed","ping_status":"closed","template":"","meta":{"footnotes":""},"class_list":["post-6358","page","type-page","status-publish","hentry","wpautop"],"yoast_head":"<!-- This site is optimized with the Yoast SEO plugin v26.1.1 - https:\/\/yoast.com\/wordpress\/plugins\/seo\/ -->\n<title>Nuestra historia - Compare Foods Charlotte<\/title>\n<meta name=\"robots\" content=\"index, follow, max-snippet:-1, max-image-preview:large, max-video-preview:-1\" \/>\n<link rel=\"canonical\" href=\"https:\/\/www.compareclt.com\/es\/our-story\" \/>\n<meta property=\"og:locale\" content=\"es_ES\" \/>\n<meta property=\"og:type\" content=\"article\" \/>\n<meta property=\"og:title\" content=\"Nuestra historia - Compare Foods Charlotte\" \/>\n<meta property=\"og:description\" content=\"Como parte de la comunidad de Charlotte desde 2005, Compare Foods comenz\u00f3 como\u00a0una tienda familiar \u00fanica en Queens, Nueva York. La familia Pe\u00f1a abri\u00f3 su primera\u00a0tienda en 1978 y r\u00e1pidamente se expandi\u00f3 a los distritos vecinos. Eventualmente, sus\u00a0tiendas atendieron a clientes en Brooklyn, Bronx y Manhattan. Despu\u00e9s de haber tenido \u00e9xito con estas primeras tiendas, [&hellip;]\" \/>\n<meta property=\"og:url\" content=\"https:\/\/www.compareclt.com\/es\/our-story\" \/>\n<meta property=\"og:site_name\" content=\"Compare Foods Charlotte\" \/>\n<meta property=\"article:modified_time\" content=\"2021-03-17T13:56:33+00:00\" \/>\n<meta property=\"og:image\" content=\"https:\/\/www.compareclt.com\/wp-content\/uploads\/2020\/11\/logo.png\" \/>\n\t<meta property=\"og:image:width\" content=\"1024\" \/>\n\t<meta property=\"og:image:height\" content=\"474\" \/>\n\t<meta property=\"og:image:type\" content=\"image\/png\" \/>\n<meta name=\"twitter:card\" content=\"summary_large_image\" \/>\n<meta name=\"twitter:label1\" content=\"Tiempo de lectura\" \/>\n\t<meta name=\"twitter:data1\" content=\"2 minutos\" \/>\n<script type=\"application\/ld+json\" class=\"yoast-schema-graph\">{\"@context\":\"https:\/\/schema.org\",\"@graph\":[{\"@type\":\"WebPage\",\"@id\":\"https:\/\/www.compareclt.com\/es\/our-story\",\"url\":\"https:\/\/www.compareclt.com\/es\/our-story\",\"name\":\"Nuestra historia - Compare Foods Charlotte\",\"isPartOf\":{\"@id\":\"https:\/\/www.compareclt.com\/#website\"},\"datePublished\":\"2021-02-03T11:12:06+00:00\",\"dateModified\":\"2021-03-17T13:56:33+00:00\",\"breadcrumb\":{\"@id\":\"https:\/\/www.compareclt.com\/es\/our-story#breadcrumb\"},\"inLanguage\":\"es\",\"potentialAction\":[{\"@type\":\"ReadAction\",\"target\":[\"https:\/\/www.compareclt.com\/es\/our-story\"]}]},{\"@type\":\"BreadcrumbList\",\"@id\":\"https:\/\/www.compareclt.com\/es\/our-story#breadcrumb\",\"itemListElement\":[{\"@type\":\"ListItem\",\"position\":1,\"name\":\"Home\",\"item\":\"https:\/\/www.compareclt.com\/es\"},{\"@type\":\"ListItem\",\"position\":2,\"name\":\"Nuestra historia\"}]},{\"@type\":\"WebSite\",\"@id\":\"https:\/\/www.compareclt.com\/#website\",\"url\":\"https:\/\/www.compareclt.com\/\",\"name\":\"Compare Foods Charlotte\",\"description\":\"\",\"potentialAction\":[{\"@type\":\"SearchAction\",\"target\":{\"@type\":\"EntryPoint\",\"urlTemplate\":\"https:\/\/www.compareclt.com\/?s={search_term_string}\"},\"query-input\":{\"@type\":\"PropertyValueSpecification\",\"valueRequired\":true,\"valueName\":\"search_term_string\"}}],\"inLanguage\":\"es\"}]}<\/script>\n<!-- \/ Yoast SEO plugin. -->","yoast_head_json":{"title":"Nuestra historia - Compare Foods Charlotte","robots":{"index":"index","follow":"follow","max-snippet":"max-snippet:-1","max-image-preview":"max-image-preview:large","max-video-preview":"max-video-preview:-1"},"canonical":"https:\/\/www.compareclt.com\/es\/our-story","og_locale":"es_ES","og_type":"article","og_title":"Nuestra historia - Compare Foods Charlotte","og_description":"Como parte de la comunidad de Charlotte desde 2005, Compare Foods comenz\u00f3 como\u00a0una tienda familiar \u00fanica en Queens, Nueva York. La familia Pe\u00f1a abri\u00f3 su primera\u00a0tienda en 1978 y r\u00e1pidamente se expandi\u00f3 a los distritos vecinos. Eventualmente, sus\u00a0tiendas atendieron a clientes en Brooklyn, Bronx y Manhattan. Despu\u00e9s de haber tenido \u00e9xito con estas primeras tiendas, [&hellip;]","og_url":"https:\/\/www.compareclt.com\/es\/our-story","og_site_name":"Compare Foods Charlotte","article_modified_time":"2021-03-17T13:56:33+00:00","og_image":[{"width":1024,"height":474,"url":"https:\/\/www.compareclt.com\/wp-content\/uploads\/2020\/11\/logo.png","type":"image\/png"}],"twitter_card":"summary_large_image","twitter_misc":{"Tiempo de lectura":"2 minutos"},"schema":{"@context":"https:\/\/schema.org","@graph":[{"@type":"WebPage","@id":"https:\/\/www.compareclt.com\/es\/our-story","url":"https:\/\/www.compareclt.com\/es\/our-story","name":"Nuestra historia - Compare Foods Charlotte","isPartOf":{"@id":"https:\/\/www.compareclt.com\/#website"},"datePublished":"2021-02-03T11:12:06+00:00","dateModified":"2021-03-17T13:56:33+00:00","breadcrumb":{"@id":"https:\/\/www.compareclt.com\/es\/our-story#breadcrumb"},"inLanguage":"es","potentialAction":[{"@type":"ReadAction","target":["https:\/\/www.compareclt.com\/es\/our-story"]}]},{"@type":"BreadcrumbList","@id":"https:\/\/www.compareclt.com\/es\/our-story#breadcrumb","itemListElement":[{"@type":"ListItem","position":1,"name":"Home","item":"https:\/\/www.compareclt.com\/es"},{"@type":"ListItem","position":2,"name":"Nuestra historia"}]},{"@type":"WebSite","@id":"https:\/\/www.compareclt.com\/#website","url":"https:\/\/www.compareclt.com\/","name":"Compare Foods Charlotte","description":"","potentialAction":[{"@type":"SearchAction","target":{"@type":"EntryPoint","urlTemplate":"https:\/\/www.compareclt.com\/?s={search_term_string}"},"query-input":{"@type":"PropertyValueSpecification","valueRequired":true,"valueName":"search_term_string"}}],"inLanguage":"es"}]}},"_links":{"self":[{"href":"https:\/\/www.compareclt.com\/es\/wp-json\/wp\/v2\/pages\/6358","targetHints":{"allow":["GET"]}}],"collection":[{"href":"https:\/\/www.compareclt.com\/es\/wp-json\/wp\/v2\/pages"}],"about":[{"href":"https:\/\/www.compareclt.com\/es\/wp-json\/wp\/v2\/types\/page"}],"author":[{"embeddable":true,"href":"https:\/\/www.compareclt.com\/es\/wp-json\/wp\/v2\/users\/5"}],"replies":[{"embeddable":true,"href":"https:\/\/www.compareclt.com\/es\/wp-json\/wp\/v2\/comments?post=6358"}],"version-history":[{"count":9,"href":"https:\/\/www.compareclt.com\/es\/wp-json\/wp\/v2\/pages\/6358\/revisions"}],"predecessor-version":[{"id":7519,"href":"https:\/\/www.compareclt.com\/es\/wp-json\/wp\/v2\/pages\/6358\/revisions\/7519"}],"wp:attachment":[{"href":"https:\/\/www.compareclt.com\/es\/wp-json\/wp\/v2\/media?parent=6358"}],"curies":[{"name":"wp","href":"https:\/\/api.w.org\/{rel}","templated":true}]}}