{"id":3331,"date":"2016-07-12T15:01:02","date_gmt":"2016-07-12T15:01:02","guid":{"rendered":"https:\/\/www.compareclt.com\/terms-of-use"},"modified":"2021-03-05T12:16:43","modified_gmt":"2021-03-05T16:16:43","slug":"terms-conditions","status":"publish","type":"page","link":"https:\/\/www.compareclt.com\/es\/terms-conditions","title":{"rendered":"Terms &#038; Conditions"},"content":{"rendered":"<p><b>T\u00e9rminos y condiciones<\/b><\/p>\n<p><span style=\"font-weight: 400;\">COMPARE FOODS proporciona toda la informaci\u00f3n en este sitio web sujeta a los siguientes t\u00e9rminos y condiciones. Lea estos t\u00e9rminos detenidamente antes de utilizar este sitio. El uso de este sitio de cualquier manera lo vincula a estos t\u00e9rminos. Estos t\u00e9rminos son efectivos a menos y hasta que COMPARE FOODS los rescinda. Si no est\u00e1 de acuerdo con alguno de estos t\u00e9rminos y condiciones, no utilice este sitio. Al utilizar nuestro sitio web, usted certifica que es mayor de 18 a\u00f1os. Si tiene menos de 18 a\u00f1os pero al menos 13 a\u00f1os de edad, puede usar nuestro sitio web solo bajo la supervisi\u00f3n de un padre o tutor legal que acepte estar sujeto a estos t\u00e9rmino s. COMPARE FOODS se reserva el derecho, en cualquier momento, de modificar, enmendar, alterar o actualizar estos t\u00e9rminos sin previo aviso. Si contin\u00faa utilizando nuestro sitio web despu\u00e9s de tales modificaciones, enmiendas, alteraciones o actualizaciones, usted acepta estar sujeto a dichas modificaciones, enmiendas, alteraciones o actualizaciones. Por lo tanto, debe visitar esta p\u00e1gina peri\u00f3dicamente para revisar nuestros t\u00e9rminos m\u00e1s actuales. Tenga en cuenta que ciertos productos o servicios u otros sitios web de COMPARE FOODS pueden regirse por pol\u00edticas o t\u00e9rminos separados o adicionales (por ejemplo, escuela de cocina, tarjetas de regalo, farmacia o entrega floral) y usted tambi\u00e9n estar\u00e1 sujeto a dichos t\u00e9rminos especiales. En caso de conflicto entre estos t\u00e9rminos y cualquier t\u00e9rmino especial, se aplicar\u00e1 el t\u00e9rmino m\u00e1s espec\u00edfico. Est\u00e1 prohibido alterar el sitio, falsear\u00a0 la identidad de un usuario y realizar actividades fraudulentas en el sitio.<\/span><\/p>\n<p><strong>Aviso de Privacidad:<\/strong><\/p>\n<p><span style=\"font-weight: 400;\">Revise nuestra pol\u00edtica de privacidad, que rige su visita a este sitio para comprendetlas.<\/span><\/p>\n<p><strong>Derechos de autor y marcas comerciales:<\/strong><\/p>\n<p><span style=\"font-weight: 400;\">A menos que se indique lo contrario, todo el contenido de este sitio constituye derechos de autor, marcas comerciales, imagen comercial y \/ u otra propiedad intelectual propiedad, controlada o autorizada por COMPARE FOODS o por terceros que han licenciado sus materiales para COMPARE FOODS y est\u00e1n protegidos por derechos de autor de EE. UU. E internacionales. leyes. La compilaci\u00f3n (es decir, la recopilaci\u00f3n, disposici\u00f3n y montaje) de todo el contenido de este sitio es propiedad exclusiva de COMPARE FOODS y tambi\u00e9n est\u00e1 protegida por las leyes de derechos de autor de EE. UU. E internacionales. Los nombres y logotipos de COMPARE FOODS y todos los nombres de productos y servicios relacionados, marcas de dise\u00f1o y lemas son marcas comerciales o marcas de servicio de COMPARE FOODS. Todas las dem\u00e1s marcas son propiedad de sus respectivas empresas. No se concede ninguna licencia de marca comercial o de servicio en relaci\u00f3n con los materiales contenidos en este sitio. El acceso a este sitio\u00a0 no autoriza a nadie a utilizar ning\u00fan nombre, logotipo o marca de ninguna manera.<\/span><\/p>\n<p><strong>Seguridad del sitio:<\/strong><\/p>\n<p><span style=\"font-weight: 400;\">Tiene prohibido violar o intentar violar la seguridad del sitio, incluido, entre otros, (a) acceder a datos no destinados a dicho usuario o iniciar sesi\u00f3n en un servidor o una cuenta a la que el usuario no est\u00e1 autorizado a acceder; (b) intentar sondear, escanear o probar la vulnerabilidad de un sistema o red o violar las medidas de seguridad o autenticidad sin la debida autorizaci\u00f3n; (c) intentar interferir con el servicio a cualquier usuario, anfitri\u00f3n o red, incluidos, entre otros, mediante el env\u00edo de un virus al sitio, sobrecarga, \u00abinundaci\u00f3n\u00bb, \u00abenv\u00edo de correo no deseado\u00bb, \u00abbombardeo de correo\u00bb o \u00abbloqueo\u00bb; (d) enviar correos electr\u00f3nicos no solicitados, incluidas promociones y \/ o publicidad de productos o servicios; o (e) falsificar cualquier encabezado de paquete TCP \/ IP o cualquier parte de la informaci\u00f3n del encabezado en cualquier publicaci\u00f3n de correo electr\u00f3nico o grupo de noticias. Las violaciones de la seguridad del sistema o de la red pueden resultar en responsabilidad civil o penal. COMPARE FOODS investigar\u00e1 los sucesos que puedan involucrar tales violaciones y puede involucrar y cooperar con las autoridades policiales para enjuiciar a los usuarios involucrados en tales violaciones. Usted acepta no utilizar ning\u00fan dispositivo, software o rutina para interferir o intentar interferir con el funcionamiento correcto de este sitio o con cualquier actividad que se lleve a cabo en este sitio. Adem\u00e1s, acepta no usar ni intentar usar ning\u00fan motor, software, herramienta, agente u otro dispositivo o mecanismo (incluidos, entre otros, navegadores, ara\u00f1as, robots, avatares o agentes inteligentes) para navegar o buscar en este sitio que no sea la b\u00fasqueda. motores y agentes de b\u00fasqueda disponibles en Comparefoods.com en este sitio y que no sean navegadores web de terceros generalmente disponibles (por ejemplo, Chrome o Microsoft Explorer).<\/span><\/p>\n<p><strong>Su cuenta:<\/strong><\/p>\n<p><span style=\"font-weight: 400;\">Si utiliza este sitio, es responsable de mantener la confidencialidad de su cuenta y contrase\u00f1a y de restringir el acceso a su computadora, y acepta la responsabilidad de todas las actividades que ocurran bajo su cuenta o contrase\u00f1a. COMPARE FOODS vende productos para ni\u00f1os, pero los vende a adultos, quienes pueden comprarlos con una tarjeta de cr\u00e9dito u otro m\u00e9todo de pago permitido. Si es menor de 18 a\u00f1os, puede usar el sitio solo con la participaci\u00f3n de un padre o tutor. COMPARE FOODS se reserva el derecho de rechazar el servicio, cancelar cuentas, eliminar o editar contenido o cancelar pedidos a su exclusivo criterio.<\/span><\/p>\n<p><strong>Supervisi\u00f3n:<\/strong><\/p>\n<p><span style=\"font-weight: 400;\">COMPARE FOODS retiene el derecho, pero no la obligaci\u00f3n, de monitorear \u00e1reas de nuestro sitio electr\u00f3nicamente. COMPARE FOODS adem\u00e1s se reserva el derecho de divulgar cualquier contenido, registros o comunicaciones electr\u00f3nicas de cualquier tipo si estamos obligados a hacerlo por alguna ley, reglamento u orden judicial, o si dicha divulgaci\u00f3n es necesaria o apropiada para operar el sitio o para proteger los derechos o la propiedad de COMPARE FOODS, o los derechos de los otros usuarios del sitio web, o nuestros socios, afiliados, patrocinadores, proveedores, otorgantes de licencias o comerciantes.<\/span><\/p>\n<p><strong>Productos y servicios:<\/strong><\/p>\n<p><span style=\"font-weight: 400;\">Los productos y promociones publicados en este sitio, o los enviados a los clientes por correo electr\u00f3nico personalizado, son v\u00e1lidos solo para las fechas indicadas. Las ofertas, promociones y sorteos que se ofrecen a trav\u00e9s del sitio pueden no estar disponibles en las tiendas COMPARE FOODS. Asimismo, las ofertas, promociones y sorteos que se ofrecen en las tiendas COMPARE FOODS pueden no estar disponibles a trav\u00e9s del sitio. Es posible que ciertos servicios y \/ o programas no est\u00e9n disponibles en todas las ubicaciones. COMPARE FOODS intenta ser lo m\u00e1s preciso posible al describir productos y servicios. Sin embargo, COMPARE FOODS no garantiza que las descripciones de productos u otros contenidos de este sitio sean precisos, completos, confiables, actuales o libres de errores.<\/span><\/p>\n<p><strong>Errores en nuestro sitio web:<\/strong><\/p>\n<p><span style=\"font-weight: 400;\">COMPARE FOODS realiza todos los esfuerzos razonables para garantizar que la informaci\u00f3n de este sitio sea precisa, actual y completa. Sin embargo, puede haber casos en los que COMPARE FOODS\u00a0 obtenga\u00a0 informaci\u00f3n sobre un producto que sea inexacta o incompleta, como informaci\u00f3n sobre el precio o la disponibilidad del producto. COMPARE FOODS no asegura ni garantiza que la informaci\u00f3n de este sitio est\u00e9 libre de errores, est\u00e9 completa o est\u00e9 actualizada. COMPARE FOODS se reserva el derecho de corregir errores y \/ o actualizar el contenido o la informaci\u00f3n de este sitio en cualquier momento sin previo aviso.<\/span><\/p>\n<p><strong>Informacion personal:\u00a0<\/strong><\/p>\n<p><span style=\"font-weight: 400;\">Cualquier informaci\u00f3n que nos revele (a trav\u00e9s de un formulario en l\u00ednea, respuesta por correo electr\u00f3nico, etc.) se convierte en propiedad exclusiva de COMPARE FOODS. Si tiene preguntas sobre c\u00f3mo usamos esta informaci\u00f3n, consulte nuestra Pol\u00edtica de privacidad.<\/span><\/p>\n<p><strong>Consentimiento para la comunicaci\u00f3n por correo electr\u00f3nico:<\/strong><\/p>\n<p><span style=\"font-weight: 400;\">Cuando visita el sitio o nos env\u00eda un correo electr\u00f3nico, se est\u00e1 comunicando con nosotros electr\u00f3nicamente. Usted da su consentimiento para recibir nuestras comunicaciones electr\u00f3nicamente y acepta que podamos comunicarnos con usted por correo electr\u00f3nico o publicando avisos en el sitio.<\/span><\/p>\n<p><strong>Env\u00edos, comentarios, retroalimentaci\u00f3n<\/strong><\/p>\n<p><span style=\"font-weight: 400;\">COMPARE FOODS agradece y fomenta sus comentarios, cr\u00edticas y sugerencias. Usted acepta que cualquier material, incluidos, entre otros, preguntas, comentarios, sugerencias, ideas, planes, notas, dibujos, materiales originales o creativos u otra informaci\u00f3n, proporcionados por usted en forma de correo electr\u00f3nico o env\u00edos a COMPARE FOODS o publicaciones en este no son confidenciales (sujetos a nuestra pol\u00edtica de privacidad) y usted sigue siendo el \u00fanico responsable de sus env\u00edos. Todas las presentaciones enviadas al sitio ser\u00e1n y seguir\u00e1n siendo propiedad exclusiva de COMPARE FOODS. Sus env\u00edos y comentarios constituir\u00e1n una cesi\u00f3n a COMPARE FOODS de todos los derechos, t\u00edtulos e intereses mundiales en todos los derechos de autor y otros derechos de propiedad intelectual en los env\u00edos y comentarios. Adem\u00e1s, COMPARE FOODS ser\u00e1 de uso libre, sin compensaci\u00f3n para usted, cualquier idea, concepto, conocimiento, t\u00e9cnica o metodolog\u00eda contenida en dichos comentarios o retroalimentaci\u00f3n para cualquier prop\u00f3sito, incluyendo pero no limitado al desarrollo, fabricaci\u00f3n y marketing, productos y \/ o servicios que incorporan dichos comentarios y opiniones. Usted es el \u00fanico responsable del contenido de los mensajes y \/ o im\u00e1genes que env\u00ede y acepta no enviar materiales que sean ilegales, difamatorios, abusivos u obscenos. COMPARE FOODS no asume ninguna responsabilidad por el contenido enviado por usted.<\/span><\/p>\n<p><strong>Descargo de responsabilidad y l\u00edmite de responsabilidad:<\/strong><\/p>\n<p><span style=\"font-weight: 400;\">EN LA MEDIDA EN QUE LO PERMITA LA LEY APLICABLE, COMPARE FOODS NO ES RESPONSABLE DE LAS CONSECUENCIAS O DE LA CONFIABILIDAD EN CUALQUIER TIENDA DE SUPERMERCADO, FARMACIA DE COMPARE FOODS O TERCEROS QUE CONTENGAN\u00a0 INFORMACI\u00d3N ENVIADA EN EL SITIO O SERVICIOS OBTENIDOS A TRAV\u00c9S DEL SITIO EL RIESGO DE DA\u00d1OS DE LO ANTERIOR DEPENDE EN SU TOTALIDAD. EL USO DEL SITIO ES TOTALMENTE BAJO SU PROPIO RIESGO. EL SITIO, EL CONTENIDO Y LOS SERVICIOS SE PROPORCIONAN \u00abTAL CUAL\u00bb SIN NINGUNA GARANT\u00cdA DE NING\u00daN TIPO, YA SEA EXPRESA O IMPL\u00cdCITA, INCLUYENDO, PERO NO LIMITADO A, LAS GARANT\u00cdAS IMPL\u00cdCITAS DE COMERCIABILIDAD, APTITUD PARA UN PROP\u00d3SITO EN PARTICULAR O NO INFRACCI\u00d3N DE UN PROP\u00d3SITO INTELIGENTE DERECHOS DE PROPIEDAD. USTED ACEPTA QUE COMPARE FOODS NO SER\u00c1 RESPONSABLE DE NING\u00daN DA\u00d1O INDIRECTO, CONSECUENTE, ESPECIAL O INCIDENTAL (INCLUYENDO SIN LIMITACI\u00d3N, P\u00c9RDIDA DE BENEFICIOS O DA\u00d1OS QUE RESULTEN DE INCONVENIENTES, RETRASO O P\u00c9RDIDA DE USO DE LOS SERVICIOS PROPORCIONADOS EN EL SITIO O EN ) DERIVADOS DEL USO O LA INCAPACIDAD DE USO DEL SITIO, LOS SERVICIOS O EL CONTENIDO, LOS ARREGLOS HECHOS EN BASE A LA INFORMACI\u00d3N OBTENIDA EN EL SITIO O LOS SERVICIOS OBTENIDOS A TRAV\u00c9S DEL SITIO, INCLUSO SI COMPARE FOODS HA SIDO ADVERTIDO DE LA POSIBILIDAD DE DICHOS DA\u00d1OS O P\u00c9RDIDAS. A PESAR DE LO ANTERIOR, NO SERA\u00a0<\/span><\/p>\n<p><span style=\"font-weight: 400;\">RESPONSABILIDAD DE COMPARE FOODS (YA SEA POR CONTRATO, GARANT\u00cdA, AGRAVIO (INCLUYENDO, PERO NO LIMITADO A NEGLIGENCIA), RESPONSABILIDAD DEL PRODUCTO, RESPONSABILIDAD ESTRICTA U OTRA TEOR\u00cdA) ASOCIADA CON CUALQUIER RECLAMO QUE SURJA DEL SITIO POR CUALQUIER RAZ\u00d3N DE ACCESO LIMITADO AL COSTO EL SITIO, SI LO HAY. ALGUNAS JURISDICCIONES NO PERMITEN LIMITACIONES DE GARANT\u00cdAS IMPL\u00cdCITAS, O LA EXCLUSI\u00d3N O LIMITACI\u00d3N DE DA\u00d1OS INCIDENTALES O CONSECUENTES. SI ESTAS LEYES SE APLICAN A ALGUNAS O TODAS LAS RENUNCIAS, EXCLUSIONES O LIMITACIONES ANTERIORES, ES POSIBLE QUE NO SE APLIQUEN EN SU CASO, Y PUEDE TENER CIERTOS DERECHOS ADICIONALES.<\/span><\/p>\n<p><span style=\"font-weight: 400;\">Indemnizaci\u00f3n. Usted acepta defender, indemnizar y mantener a COMPARE FOODS indemne de todos y cada uno de los reclamos, procedimientos, da\u00f1os, lesiones, p\u00e9rdidas de responsabilidades, costos y gastos (incluidos los honorarios razonables de abogados y los gastos de litigio) relacionados con o que surjan de su uso del sitio, servicios o contenido.<\/span><\/p>\n<p><span style=\"font-weight: 400;\">Cont\u00e1ctenos.<\/span><\/p>\n<p style=\"text-align: justify;\"><span style=\"font-weight: 400;\">Simplemente env\u00edenos un comentario utilizando nuestro formulario. CONT\u00c1CTENOS. A partir de noviembre de 2018.<\/span><\/p>\n","protected":false},"excerpt":{"rendered":"<p>T\u00e9rminos y condiciones COMPARE FOODS proporciona toda la informaci\u00f3n en este sitio web sujeta a los siguientes t\u00e9rminos y condiciones. Lea estos t\u00e9rminos detenidamente antes de utilizar este sitio. El uso de este sitio de cualquier manera lo vincula a estos t\u00e9rminos. Estos t\u00e9rminos son efectivos a menos y hasta que COMPARE FOODS los rescinda. [&hellip;]<\/p>\n","protected":false},"author":1,"featured_media":0,"parent":0,"menu_order":0,"comment_status":"closed","ping_status":"closed","template":"","meta":{"footnotes":""},"class_list":["post-3331","page","type-page","status-publish","hentry","wpautop"],"yoast_head":"<!-- This site is optimized with the Yoast SEO plugin v26.1.1 - https:\/\/yoast.com\/wordpress\/plugins\/seo\/ -->\n<title>Terms &amp; Conditions - Compare Foods Charlotte<\/title>\n<meta name=\"robots\" content=\"index, follow, max-snippet:-1, max-image-preview:large, max-video-preview:-1\" \/>\n<link rel=\"canonical\" href=\"https:\/\/www.compareclt.com\/es\/terms-conditions\" \/>\n<meta property=\"og:locale\" content=\"es_ES\" \/>\n<meta property=\"og:type\" content=\"article\" \/>\n<meta property=\"og:title\" content=\"Terms &amp; Conditions - Compare Foods Charlotte\" \/>\n<meta property=\"og:description\" content=\"T\u00e9rminos y condiciones COMPARE FOODS proporciona toda la informaci\u00f3n en este sitio web sujeta a los siguientes t\u00e9rminos y condiciones. Lea estos t\u00e9rminos detenidamente antes de utilizar este sitio. El uso de este sitio de cualquier manera lo vincula a estos t\u00e9rminos. Estos t\u00e9rminos son efectivos a menos y hasta que COMPARE FOODS los rescinda. [&hellip;]\" \/>\n<meta property=\"og:url\" content=\"https:\/\/www.compareclt.com\/es\/terms-conditions\" \/>\n<meta property=\"og:site_name\" content=\"Compare Foods Charlotte\" \/>\n<meta property=\"article:modified_time\" content=\"2021-03-05T16:16:43+00:00\" \/>\n<meta property=\"og:image\" content=\"https:\/\/www.compareclt.com\/wp-content\/uploads\/2020\/11\/logo.png\" \/>\n\t<meta property=\"og:image:width\" content=\"1024\" \/>\n\t<meta property=\"og:image:height\" content=\"474\" \/>\n\t<meta property=\"og:image:type\" content=\"image\/png\" \/>\n<meta name=\"twitter:card\" content=\"summary_large_image\" \/>\n<meta name=\"twitter:label1\" content=\"Tiempo de lectura\" \/>\n\t<meta name=\"twitter:data1\" content=\"9 minutos\" \/>\n<script type=\"application\/ld+json\" class=\"yoast-schema-graph\">{\"@context\":\"https:\/\/schema.org\",\"@graph\":[{\"@type\":\"WebPage\",\"@id\":\"https:\/\/www.compareclt.com\/es\/terms-conditions\",\"url\":\"https:\/\/www.compareclt.com\/es\/terms-conditions\",\"name\":\"Terms & Conditions - Compare Foods Charlotte\",\"isPartOf\":{\"@id\":\"https:\/\/www.compareclt.com\/#website\"},\"datePublished\":\"2016-07-12T15:01:02+00:00\",\"dateModified\":\"2021-03-05T16:16:43+00:00\",\"breadcrumb\":{\"@id\":\"https:\/\/www.compareclt.com\/es\/terms-conditions#breadcrumb\"},\"inLanguage\":\"es\",\"potentialAction\":[{\"@type\":\"ReadAction\",\"target\":[\"https:\/\/www.compareclt.com\/es\/terms-conditions\"]}]},{\"@type\":\"BreadcrumbList\",\"@id\":\"https:\/\/www.compareclt.com\/es\/terms-conditions#breadcrumb\",\"itemListElement\":[{\"@type\":\"ListItem\",\"position\":1,\"name\":\"Home\",\"item\":\"https:\/\/www.compareclt.com\/es\"},{\"@type\":\"ListItem\",\"position\":2,\"name\":\"Terms &#038; Conditions\"}]},{\"@type\":\"WebSite\",\"@id\":\"https:\/\/www.compareclt.com\/#website\",\"url\":\"https:\/\/www.compareclt.com\/\",\"name\":\"Compare Foods Charlotte\",\"description\":\"\",\"potentialAction\":[{\"@type\":\"SearchAction\",\"target\":{\"@type\":\"EntryPoint\",\"urlTemplate\":\"https:\/\/www.compareclt.com\/?s={search_term_string}\"},\"query-input\":{\"@type\":\"PropertyValueSpecification\",\"valueRequired\":true,\"valueName\":\"search_term_string\"}}],\"inLanguage\":\"es\"}]}<\/script>\n<!-- \/ Yoast SEO plugin. -->","yoast_head_json":{"title":"Terms & Conditions - Compare Foods Charlotte","robots":{"index":"index","follow":"follow","max-snippet":"max-snippet:-1","max-image-preview":"max-image-preview:large","max-video-preview":"max-video-preview:-1"},"canonical":"https:\/\/www.compareclt.com\/es\/terms-conditions","og_locale":"es_ES","og_type":"article","og_title":"Terms & Conditions - Compare Foods Charlotte","og_description":"T\u00e9rminos y condiciones COMPARE FOODS proporciona toda la informaci\u00f3n en este sitio web sujeta a los siguientes t\u00e9rminos y condiciones. Lea estos t\u00e9rminos detenidamente antes de utilizar este sitio. El uso de este sitio de cualquier manera lo vincula a estos t\u00e9rminos. Estos t\u00e9rminos son efectivos a menos y hasta que COMPARE FOODS los rescinda. [&hellip;]","og_url":"https:\/\/www.compareclt.com\/es\/terms-conditions","og_site_name":"Compare Foods Charlotte","article_modified_time":"2021-03-05T16:16:43+00:00","og_image":[{"width":1024,"height":474,"url":"https:\/\/www.compareclt.com\/wp-content\/uploads\/2020\/11\/logo.png","type":"image\/png"}],"twitter_card":"summary_large_image","twitter_misc":{"Tiempo de lectura":"9 minutos"},"schema":{"@context":"https:\/\/schema.org","@graph":[{"@type":"WebPage","@id":"https:\/\/www.compareclt.com\/es\/terms-conditions","url":"https:\/\/www.compareclt.com\/es\/terms-conditions","name":"Terms & Conditions - Compare Foods Charlotte","isPartOf":{"@id":"https:\/\/www.compareclt.com\/#website"},"datePublished":"2016-07-12T15:01:02+00:00","dateModified":"2021-03-05T16:16:43+00:00","breadcrumb":{"@id":"https:\/\/www.compareclt.com\/es\/terms-conditions#breadcrumb"},"inLanguage":"es","potentialAction":[{"@type":"ReadAction","target":["https:\/\/www.compareclt.com\/es\/terms-conditions"]}]},{"@type":"BreadcrumbList","@id":"https:\/\/www.compareclt.com\/es\/terms-conditions#breadcrumb","itemListElement":[{"@type":"ListItem","position":1,"name":"Home","item":"https:\/\/www.compareclt.com\/es"},{"@type":"ListItem","position":2,"name":"Terms &#038; Conditions"}]},{"@type":"WebSite","@id":"https:\/\/www.compareclt.com\/#website","url":"https:\/\/www.compareclt.com\/","name":"Compare Foods Charlotte","description":"","potentialAction":[{"@type":"SearchAction","target":{"@type":"EntryPoint","urlTemplate":"https:\/\/www.compareclt.com\/?s={search_term_string}"},"query-input":{"@type":"PropertyValueSpecification","valueRequired":true,"valueName":"search_term_string"}}],"inLanguage":"es"}]}},"_links":{"self":[{"href":"https:\/\/www.compareclt.com\/es\/wp-json\/wp\/v2\/pages\/3331","targetHints":{"allow":["GET"]}}],"collection":[{"href":"https:\/\/www.compareclt.com\/es\/wp-json\/wp\/v2\/pages"}],"about":[{"href":"https:\/\/www.compareclt.com\/es\/wp-json\/wp\/v2\/types\/page"}],"author":[{"embeddable":true,"href":"https:\/\/www.compareclt.com\/es\/wp-json\/wp\/v2\/users\/1"}],"replies":[{"embeddable":true,"href":"https:\/\/www.compareclt.com\/es\/wp-json\/wp\/v2\/comments?post=3331"}],"version-history":[{"count":3,"href":"https:\/\/www.compareclt.com\/es\/wp-json\/wp\/v2\/pages\/3331\/revisions"}],"predecessor-version":[{"id":7081,"href":"https:\/\/www.compareclt.com\/es\/wp-json\/wp\/v2\/pages\/3331\/revisions\/7081"}],"wp:attachment":[{"href":"https:\/\/www.compareclt.com\/es\/wp-json\/wp\/v2\/media?parent=3331"}],"curies":[{"name":"wp","href":"https:\/\/api.w.org\/{rel}","templated":true}]}}