{"id":3315,"date":"2020-10-22T06:06:17","date_gmt":"2020-10-22T10:06:17","guid":{"rendered":"https:\/\/www.compareclt.com\/redemption-policy"},"modified":"2021-06-23T06:26:59","modified_gmt":"2021-06-23T10:26:59","slug":"redemption-policy","status":"publish","type":"page","link":"https:\/\/www.compareclt.com\/es\/redemption-policy","title":{"rendered":"Pol\u00edtica de canje"},"content":{"rendered":"<p style=\"text-align: justify;\"><strong>Redemption Policy<\/strong><span>\u00a0<\/span><\/p>\n<p style=\"text-align: justify;\"><span>One point will be awarded for each whole dollar spent on eligible purchases (for example, if you spend $5.25 in a participating Compare Foods Charlotte store using your CompareClub account, you will earn 5 points). Rewards may only be redeemed at a participating Compare Foods Charlotte location.<span class=\"Apple-converted-space\">\u00a0\u00a0<\/span>Compare Club reward points accumulate until used and do not expire.<span class=\"Apple-converted-space\">\u00a0\u00a0<\/span>However, you cannot redeem more than 2,000 points in a single transaction or 24-hour period.<span class=\"Apple-converted-space\">\u00a0\u00a0<\/span>Once you elect to apply earned Rewards towards a purchase, the applicable Rewards are deducted from your Account and cannot be used for another purchase or be reinstated in any way. There may be a lag between the time when you redeem your Rewards and when your Rewards balance is updated. Attempting to reuse Rewards that have already been applied may result in a negative Rewards balance until you accumulate enough Rewards to eliminate such deficit. Eligible purchases exclude: (1) beer, wine and tobacco (and spirits); (2) bus passes, commuter passes, fishing or hunting licenses, ski passes, postage stamps, lottery tickets, amusement park passes, and event tickets; (3) any financial instrument that can be redeemed for goods or services at participating Compare Foods Charlotte stores \u2013 including (but not limited to) gift certificates, money orders, and gift or debit cards issued by American Express\u00ae, MasterCard\u00ae, Visa\u00ae, NetSpend\u00ae; (4) mobile phone cards; (5) all fuel partner gift cards ; and 6) all money transfer services such as Western Union, MoneyGram, etc. Sales tax payments and redemption value deposits are not purchases and are not eligible to earn points. All trademarks are property of their respective owners and are used with permission. Program may be discontinued or changed at any time without notice. Void or subject to restrictions based upon applicable law.<\/span><span>\u00a0\u00a0\u00a0<\/span><span>**Minimum spend requirements: If you would like to redeem a reward of $5.00 you must have a total receipt value of $7.00. If you would like to redeem a reward of $10.00 you must have a total receipt value of $12.00.<span class=\"Apple-converted-space\">\u00a0\u00a0<\/span>If you would like to redeem a reward of $15.00 you must have a total receipt value of $17.00.<span class=\"Apple-converted-space\">\u00a0\u00a0<\/span>If you would like to redeem a reward of $20.00 you must have a total receipt value of $22.00.<span class=\"Apple-converted-space\">\u00a0<\/span><\/span><span>\u00a0\u00a0 Effective August 2020.<\/span><\/p>\n<hr \/>\n<p style=\"text-align: justify;\"><strong>Pol\u00edtica de redenci\u00f3n<\/strong><\/p>\n<p style=\"text-align: justify;\"><span>Obtendr\u00e1s un punto de recompensa por cada d\u00f3lar gastado ( por ejemplo, si gastas $ 5.25 en tiendas participantes Compare Foods Charlotte y utilizas tu cuenta Compare Club, ganar\u00e1s 5 puntos de recompensa), estos puntos de recompensa solo se podr\u00e1n canjear en tiendas participantes, son acumulables y no tienen vencimiento. No podr\u00e1s canjear m\u00e1s de 2,000 puntos de recompensa en una sola transacci\u00f3n o per\u00edodo de 24 horas. Una vez canjeados tus puntos de recompensa ser\u00e1n descontados de tu cuenta y no se podr\u00e1n de ninguna manera utilizar nuevamente. Habr\u00e1 un per\u00edodo de tiempo desde tu compra hasta actualizar tu cuenta. Si intentas utilizar nuevamente puntos de recompensa ya utilizados, resultar\u00e1 un balance negativo en tu cuenta hasta que acumules de nuevo los puntos de recompensa faltantes. Compras eligibles excluyen: (1) cerveza, vino y tabaco ( aguas minerales); (2) boletos de camion, boletos de cualquier otro transporte, licencias para pescar o cazar, entradas para esquiar, estampillas postales, entradas a los parques y boletos para otros eventos. (3) Las tarjetas que puedes utilizar por servicios en tiendas participantes Compare Foods Charlotte, incluyendo ( pero no limitadas) tarjetas de regalo, \u00f3rdenes de dinero, y tarjetas de regalo o debito emitidas por American Express<\/span><span>\u00ae<\/span><span>, Visa, MasterCard<\/span><span>\u00ae<\/span><span>, Net Spend<\/span><span>\u00ae<\/span><span>; (4) tarjetas de tel\u00e9fonos m\u00f3viles; (5) tarjetas para comprar gasolina; y 6) todos los servicios de transferencia de dinero, como: Western Union, MoneyGram, etc. El inter\u00e9s cobrado por su venta o dep\u00f3sitos no son compras y no ganan puntos. Todas las marcas registradas son propiedad de sus due\u00f1os y utilizadas con su autorizaci\u00f3n. Este programa puede ser cancelado o cambiado sin previo aviso. Cancelaci\u00f3nes y restricciones son basadas en las leyes aplicables. \u00a0 *** Compra m\u00ednima requerida:\u00a0Si deseas canjear puntos por un valor de $ 5.00 tendr\u00e1s que tener una compra total de $ 7.00. Si deseas canjear puntos con un valor de $10.00 tendr\u00e1s que tener una compra total de $12.00. Si deseas canjear puntos por un valor de $15.00 tendras que tener una compra de $17.00. Si deseas canjear puntos por un valor de $20.00 tendr\u00e1s que tener una compra total de $22.00. \u00a0 Efectivo, Agosto 2020.<\/span><\/p>\n","protected":false},"excerpt":{"rendered":"<p>Redemption Policy\u00a0 One point will be awarded for each whole dollar spent on eligible purchases (for example, if you spend $5.25 in a participating Compare Foods Charlotte store using your CompareClub account, you will earn 5 points). Rewards may only be redeemed at a participating Compare Foods Charlotte location.\u00a0\u00a0Compare Club reward points accumulate until used [&hellip;]<\/p>\n","protected":false},"author":1,"featured_media":0,"parent":0,"menu_order":0,"comment_status":"closed","ping_status":"closed","template":"","meta":{"footnotes":""},"class_list":["post-3315","page","type-page","status-publish","hentry","wpautop"],"yoast_head":"<!-- This site is optimized with the Yoast SEO plugin v26.1.1 - https:\/\/yoast.com\/wordpress\/plugins\/seo\/ -->\n<title>Pol\u00edtica de canje - Compare Foods Charlotte<\/title>\n<meta name=\"robots\" content=\"index, follow, max-snippet:-1, max-image-preview:large, max-video-preview:-1\" \/>\n<link rel=\"canonical\" href=\"https:\/\/www.compareclt.com\/es\/redemption-policy\" \/>\n<meta property=\"og:locale\" content=\"es_ES\" \/>\n<meta property=\"og:type\" content=\"article\" \/>\n<meta property=\"og:title\" content=\"Pol\u00edtica de canje - Compare Foods Charlotte\" \/>\n<meta property=\"og:description\" content=\"Redemption Policy\u00a0 One point will be awarded for each whole dollar spent on eligible purchases (for example, if you spend $5.25 in a participating Compare Foods Charlotte store using your CompareClub account, you will earn 5 points). Rewards may only be redeemed at a participating Compare Foods Charlotte location.\u00a0\u00a0Compare Club reward points accumulate until used [&hellip;]\" \/>\n<meta property=\"og:url\" content=\"https:\/\/www.compareclt.com\/es\/redemption-policy\" \/>\n<meta property=\"og:site_name\" content=\"Compare Foods Charlotte\" \/>\n<meta property=\"article:modified_time\" content=\"2021-06-23T10:26:59+00:00\" \/>\n<meta property=\"og:image\" content=\"https:\/\/www.compareclt.com\/wp-content\/uploads\/2020\/11\/logo.png\" \/>\n\t<meta property=\"og:image:width\" content=\"1024\" \/>\n\t<meta property=\"og:image:height\" content=\"474\" \/>\n\t<meta property=\"og:image:type\" content=\"image\/png\" \/>\n<meta name=\"twitter:card\" content=\"summary_large_image\" \/>\n<meta name=\"twitter:label1\" content=\"Tiempo de lectura\" \/>\n\t<meta name=\"twitter:data1\" content=\"4 minutos\" \/>\n<script type=\"application\/ld+json\" class=\"yoast-schema-graph\">{\"@context\":\"https:\/\/schema.org\",\"@graph\":[{\"@type\":\"WebPage\",\"@id\":\"https:\/\/www.compareclt.com\/es\/redemption-policy\",\"url\":\"https:\/\/www.compareclt.com\/es\/redemption-policy\",\"name\":\"Pol\u00edtica de canje - Compare Foods Charlotte\",\"isPartOf\":{\"@id\":\"https:\/\/www.compareclt.com\/#website\"},\"datePublished\":\"2020-10-22T10:06:17+00:00\",\"dateModified\":\"2021-06-23T10:26:59+00:00\",\"breadcrumb\":{\"@id\":\"https:\/\/www.compareclt.com\/es\/redemption-policy#breadcrumb\"},\"inLanguage\":\"es\",\"potentialAction\":[{\"@type\":\"ReadAction\",\"target\":[\"https:\/\/www.compareclt.com\/es\/redemption-policy\"]}]},{\"@type\":\"BreadcrumbList\",\"@id\":\"https:\/\/www.compareclt.com\/es\/redemption-policy#breadcrumb\",\"itemListElement\":[{\"@type\":\"ListItem\",\"position\":1,\"name\":\"Home\",\"item\":\"https:\/\/www.compareclt.com\/es\"},{\"@type\":\"ListItem\",\"position\":2,\"name\":\"Pol\u00edtica de canje\"}]},{\"@type\":\"WebSite\",\"@id\":\"https:\/\/www.compareclt.com\/#website\",\"url\":\"https:\/\/www.compareclt.com\/\",\"name\":\"Compare Foods Charlotte\",\"description\":\"\",\"potentialAction\":[{\"@type\":\"SearchAction\",\"target\":{\"@type\":\"EntryPoint\",\"urlTemplate\":\"https:\/\/www.compareclt.com\/?s={search_term_string}\"},\"query-input\":{\"@type\":\"PropertyValueSpecification\",\"valueRequired\":true,\"valueName\":\"search_term_string\"}}],\"inLanguage\":\"es\"}]}<\/script>\n<!-- \/ Yoast SEO plugin. -->","yoast_head_json":{"title":"Pol\u00edtica de canje - Compare Foods Charlotte","robots":{"index":"index","follow":"follow","max-snippet":"max-snippet:-1","max-image-preview":"max-image-preview:large","max-video-preview":"max-video-preview:-1"},"canonical":"https:\/\/www.compareclt.com\/es\/redemption-policy","og_locale":"es_ES","og_type":"article","og_title":"Pol\u00edtica de canje - Compare Foods Charlotte","og_description":"Redemption Policy\u00a0 One point will be awarded for each whole dollar spent on eligible purchases (for example, if you spend $5.25 in a participating Compare Foods Charlotte store using your CompareClub account, you will earn 5 points). Rewards may only be redeemed at a participating Compare Foods Charlotte location.\u00a0\u00a0Compare Club reward points accumulate until used [&hellip;]","og_url":"https:\/\/www.compareclt.com\/es\/redemption-policy","og_site_name":"Compare Foods Charlotte","article_modified_time":"2021-06-23T10:26:59+00:00","og_image":[{"width":1024,"height":474,"url":"https:\/\/www.compareclt.com\/wp-content\/uploads\/2020\/11\/logo.png","type":"image\/png"}],"twitter_card":"summary_large_image","twitter_misc":{"Tiempo de lectura":"4 minutos"},"schema":{"@context":"https:\/\/schema.org","@graph":[{"@type":"WebPage","@id":"https:\/\/www.compareclt.com\/es\/redemption-policy","url":"https:\/\/www.compareclt.com\/es\/redemption-policy","name":"Pol\u00edtica de canje - Compare Foods Charlotte","isPartOf":{"@id":"https:\/\/www.compareclt.com\/#website"},"datePublished":"2020-10-22T10:06:17+00:00","dateModified":"2021-06-23T10:26:59+00:00","breadcrumb":{"@id":"https:\/\/www.compareclt.com\/es\/redemption-policy#breadcrumb"},"inLanguage":"es","potentialAction":[{"@type":"ReadAction","target":["https:\/\/www.compareclt.com\/es\/redemption-policy"]}]},{"@type":"BreadcrumbList","@id":"https:\/\/www.compareclt.com\/es\/redemption-policy#breadcrumb","itemListElement":[{"@type":"ListItem","position":1,"name":"Home","item":"https:\/\/www.compareclt.com\/es"},{"@type":"ListItem","position":2,"name":"Pol\u00edtica de canje"}]},{"@type":"WebSite","@id":"https:\/\/www.compareclt.com\/#website","url":"https:\/\/www.compareclt.com\/","name":"Compare Foods Charlotte","description":"","potentialAction":[{"@type":"SearchAction","target":{"@type":"EntryPoint","urlTemplate":"https:\/\/www.compareclt.com\/?s={search_term_string}"},"query-input":{"@type":"PropertyValueSpecification","valueRequired":true,"valueName":"search_term_string"}}],"inLanguage":"es"}]}},"_links":{"self":[{"href":"https:\/\/www.compareclt.com\/es\/wp-json\/wp\/v2\/pages\/3315","targetHints":{"allow":["GET"]}}],"collection":[{"href":"https:\/\/www.compareclt.com\/es\/wp-json\/wp\/v2\/pages"}],"about":[{"href":"https:\/\/www.compareclt.com\/es\/wp-json\/wp\/v2\/types\/page"}],"author":[{"embeddable":true,"href":"https:\/\/www.compareclt.com\/es\/wp-json\/wp\/v2\/users\/1"}],"replies":[{"embeddable":true,"href":"https:\/\/www.compareclt.com\/es\/wp-json\/wp\/v2\/comments?post=3315"}],"version-history":[{"count":1,"href":"https:\/\/www.compareclt.com\/es\/wp-json\/wp\/v2\/pages\/3315\/revisions"}],"predecessor-version":[{"id":11686,"href":"https:\/\/www.compareclt.com\/es\/wp-json\/wp\/v2\/pages\/3315\/revisions\/11686"}],"wp:attachment":[{"href":"https:\/\/www.compareclt.com\/es\/wp-json\/wp\/v2\/media?parent=3315"}],"curies":[{"name":"wp","href":"https:\/\/api.w.org\/{rel}","templated":true}]}}