{"id":3313,"date":"2016-01-06T14:49:24","date_gmt":"2016-01-06T14:49:24","guid":{"rendered":"https:\/\/www.compareclt.com\/privacy-policy"},"modified":"2021-03-05T12:21:22","modified_gmt":"2021-03-05T16:21:22","slug":"privacy-policy","status":"publish","type":"page","link":"https:\/\/www.compareclt.com\/es\/privacy-policy","title":{"rendered":"Privacy Policy"},"content":{"rendered":"<p><b>Pol\u00edtica de privacidad<\/b><\/p>\n<p><span style=\"font-weight: 400;\">COMPARE FOODS comparte sus preocupaciones con respecto a la privacidad de la informaci\u00f3n personal recopilada en Internet. Lea esta informaci\u00f3n para obtener m\u00e1s informaci\u00f3n sobre la filosof\u00eda y la pol\u00edtica de privacidad de COMPARE FOODS. Esta pol\u00edtica revela las pr\u00e1cticas de recopilaci\u00f3n y difusi\u00f3n de informaci\u00f3n de COMPARE FOODS en relaci\u00f3n con su sitio web (www.CompareFoods.com). COMPARE FOODS se esfuerza continuamente por ganarse su confianza vendiendo solo alimentos y productos de la m\u00e1s alta calidad, y queremos mantener su confianza. Para desarrollar esta relaci\u00f3n con usted, COMPARE FOODS desea que comprenda c\u00f3mo nuestro sitio web interact\u00faa con los usuarios y c\u00f3mo podemos utilizar la informaci\u00f3n recopilada cuando visita nuestro sitio web. Al acceder a este sitio web, acepta los t\u00e9rminos de esta pol\u00edtica de privacidad. Si no est\u00e1 de acuerdo con los t\u00e9rminos de la pol\u00edtica de privacidad, no est\u00e1 autorizado a utilizar este sitio web. Si cree que COMPARE FOODS no cumple con su pol\u00edtica de privacidad publicada, debe comunicarse con COMPARE FOODS mediante nuestro formulario de contacto.<\/span><\/p>\n<p><strong>Recopilaci\u00f3n y uso de informaci\u00f3n y tipos de informaci\u00f3n recopilada.<\/strong><\/p>\n<p><span style=\"font-weight: 400;\">COMPARE FOODS puede recopilar los siguientes tipos de informaci\u00f3n: informaci\u00f3n proporcionada voluntariamente mientras usa una funci\u00f3n de este sitio web, por ejemplo, mientras se une a nuestro club de fans; informaci\u00f3n recopilada como resultado de una comunicaci\u00f3n voluntaria con nuestro webmaster o asociados de servicio al cliente, o al completar una solicitud en l\u00ednea; e informaci\u00f3n recopilada autom\u00e1ticamente cuando los usuarios visitan nuestro sitio web. COMPARE FOODS es el propietario de la informaci\u00f3n recopilada en este sitio web. No venderemos, compartiremos ni alquilaremos esta informaci\u00f3n a terceros de formas distintas a las que se divulgan en esta pol\u00edtica. COMPARE FOODS recopila informaci\u00f3n de nuestros usuarios en varios puntos diferentes de nuestro sitio web. Podemos utilizar su informaci\u00f3n para facilitar los servicios que le brindamos en la venta y distribuci\u00f3n de los productos y servicios que solicita. Podemos utilizar informaci\u00f3n en un archivo que mantenemos sobre usted, y otra informaci\u00f3n que obtenemos de sus actividades actuales y pasadas en el sitio web, para solucionar problemas y hacer cumplir nuestros t\u00e9rminos y condiciones. A veces, podemos mirar a varios usuarios para identificar problemas. Usted acepta que podemos utilizar informaci\u00f3n de identificaci\u00f3n personal sobre usted para mejorar nuestros esfuerzos de marketing y promoci\u00f3n, analizar el uso del sitio web, mejorar nuestro contenido y ofertas de productos, resolver problemas t\u00e9cnicos y personalizar el contenido, el dise\u00f1o y los servicios de nuestro sitio web. Estos usos mejoran nuestro sitio web y lo adaptan mejor para satisfacer sus necesidades.<\/span><\/p>\n<p><span style=\"font-weight: 400;\">Registro e ID de usuario y contrase\u00f1a<\/span><\/p>\n<p><span style=\"font-weight: 400;\">COMPARE FOODS puede lanzar anuncios electr\u00f3nicos y productos similares en el futuro. Si elige recibir dicha publicaci\u00f3n, se le pedir\u00e1 cierta informaci\u00f3n para que podamos personalizar el anuncio para satisfacer sus necesidades e intereses. Al registrarse para el anuncio, se le pedir\u00e1 su nombre, direcci\u00f3n de correo electr\u00f3nico, c\u00f3digo postal y otra informaci\u00f3n especificada en el proceso de inscripci\u00f3n. Cuanta m\u00e1s informaci\u00f3n elija compartir con nosotros, mejor podremos compilar un anuncio espec\u00edficamente para usted. Si elige no compartir informaci\u00f3n con nosotros, el anuncio puede ser simplemente m\u00e1s gen\u00e9rico. Proporcionarnos este tipo de informaci\u00f3n es voluntario, y puede cambiar la informaci\u00f3n proporcionada o cancelar la suscripci\u00f3n en cualquier momento de cualquier parte o de todos los servicios en l\u00ednea de COMPARE FOODS. COMPARE FOODS puede iniciar otras aplicaciones y servicios para los que es posible que necesite un nombre de usuario y una contrase\u00f1a. Usted es responsable de todas las acciones que se tomen con su nombre de usuario y contrase\u00f1a, incluidas las tarifas o los gastos relacionados con su uso indebido. Por lo tanto, no recomendamos que revele su nombre de usuario o contrase\u00f1a de COMPARE FOODS. Si elige compartir su nombre de usuario y contrase\u00f1a u otra informaci\u00f3n con alguien, usted es responsable de todas las acciones que se tomen con su nombre de usuario y contrase\u00f1a. Si pierde el control de su contrase\u00f1a, puede perder un control sustancial sobre su informaci\u00f3n de identificaci\u00f3n personal y puede estar sujeto a acciones legalmente vinculantes que se tomen en su nombre. Por lo tanto, si su contrase\u00f1a se ha visto comprometida, debe cambiarla inmediatamente y notificarnos mediante nuestro formulario de contacto.<\/span><\/p>\n<p><strong>Cookie:<\/strong><\/p>\n<p><span style=\"font-weight: 400;\">Una \u00abcookie\u00bb es un dato almacenado en el disco duro del usuario que contiene informaci\u00f3n sobre el usuario. El uso de una cookie no est\u00e1 vinculado de ninguna manera a ninguna informaci\u00f3n de identificaci\u00f3n personal mientras se encuentra en nuestro sitio web. Una vez que el usuario cierra su navegador, la cookie simplemente termina. Por ejemplo, al establecer una cookie en nuestro sitio web, el usuario no tendr\u00eda que iniciar sesi\u00f3n con una contrase\u00f1a m\u00e1s de una vez, lo que le permitir\u00e1 ahorrar tiempo mientras se encuentra en nuestro sitio web y podr\u00e1 aprovechar todas las funciones de nuestro sitio web. . Siempre es libre de rechazar nuestras cookies si su navegador lo permite, aunque en ese caso es posible que no pueda utilizar ciertas funciones de nuestro sitio web. COMPARE FOODS solo utilizar\u00e1 este tipo de datos en forma agregada que no lo identifica personalmente.<\/span><\/p>\n<p><strong>Archivos de registro:<\/strong><\/p>\n<p><span style=\"font-weight: 400;\">Tambi\u00e9n recopilamos informaci\u00f3n de identificaci\u00f3n no personal a trav\u00e9s de nuestro archivo de registro de Internet.<\/span><\/p>\n<p style=\"text-align: justify;\">\n<p><span style=\"font-weight: 400;\">Este registra datos como direcciones IP, tipos de navegadores, nombres de dominio y otros datos estad\u00edsticos an\u00f3nimos relacionados con el uso del sitio web. Esta informaci\u00f3n puede usarse para analizar tendencias, administrar el sitio web, monitorear el uso del sitio web y recopilar informaci\u00f3n demogr\u00e1fica general. Podemos vincular esta informaci\u00f3n a informaci\u00f3n de identificaci\u00f3n personal para estos y otros fines, como personalizar su experiencia en el sitio web y evaluar nuestros sistemas de Internet.<\/span><\/p>\n<p><strong>Enlaces:<\/strong><\/p>\n<p><span style=\"font-weight: 400;\">Este sitio web puede contener enlaces a otros sitios. Tenga en cuenta que COMPARE FOODS no es responsable de las pol\u00edticas de privacidad de esos otros sitios. Alentamos a nuestros usuarios a estar atentos cuando abandonan nuestro sitio web y a leer las pol\u00edticas de privacidad de todos y cada uno de los sitios que recopilan informaci\u00f3n de identificaci\u00f3n personal. Esta pol\u00edtica de privacidad se aplica \u00fanicamente a la informaci\u00f3n recopilada por este sitio web.<\/span><\/p>\n<p><strong>Seguridad:<\/strong><\/p>\n<p><span style=\"font-weight: 400;\">COMPARE FOODS ha intentado tomar todas las precauciones para proteger la informaci\u00f3n de nuestros usuarios. Cuando uno de nuestros formularios solicita a los usuarios que ingresen informaci\u00f3n confidencial, esa informaci\u00f3n est\u00e1 encriptada. Si bien utilizamos el cifrado para proteger la mayor\u00eda de la informaci\u00f3n confidencial en l\u00ednea, tambi\u00e9n buscamos proteger la informaci\u00f3n del usuario fuera de l\u00ednea. Toda la informaci\u00f3n de nuestros usuarios, no solo la informaci\u00f3n sensible mencionada anteriormente, est\u00e1 restringida en nuestras oficinas. Salvo que se indique lo contrario en esta pol\u00edtica, solo los empleados que necesitan la informaci\u00f3n para realizar un trabajo espec\u00edfico (por ejemplo, un miembro del equipo de recursos humanos o un asociado de servicio al cliente) tienen acceso a informaci\u00f3n de identificaci\u00f3n personal. Si tiene alguna pregunta sobre la seguridad en nuestro sitio web, env\u00edenos un comentario utilizando nuestro formulario de contacto.<\/span><\/p>\n<p><span style=\"font-weight: 400;\">Correcci\u00f3n \/ actualizaci\u00f3n de informaci\u00f3n personal.<\/span><\/p>\n<p><span style=\"font-weight: 400;\">Si la informaci\u00f3n de identificaci\u00f3n personal de un usuario cambia (como su direcci\u00f3n), o si un usuario ya no desea nuestro servicio, COMPARE FOODS se esforzar\u00e1 por proporcionar una manera de corregir, actualizar o eliminar los datos personales que ese usuario nos proporcion\u00f3. Esto generalmente se puede hacer a trav\u00e9s de nuestro formulario de contacto. Nuestros usuarios tienen la posibilidad de \u00aboptar por no participar\u00bb de que su informaci\u00f3n se utilice para fines no relacionados directamente con nuestro sitio web en el momento en que solicitamos la informaci\u00f3n. Por ejemplo, nuestro formulario de pedido tiene una opci\u00f3n de \u00abexclusi\u00f3n voluntaria\u00bb para que los usuarios que nos compren un producto, pero no quieran ning\u00fan material de marketing, puedan mantener su direcci\u00f3n de correo electr\u00f3nico fuera de nuestras listas.<\/span><\/p>\n<p><strong>Notificaci\u00f3n de cambios:<\/strong><\/p>\n<p><span style=\"font-weight: 400;\">Si decidimos modificar nuestra Pol\u00edtica de privacidad, publicaremos esas modificaciones en nuestro sitio web para que nuestros usuarios est\u00e9n siempre al tanto de la informaci\u00f3n que recopilamos y c\u00f3mo la usamos. Su uso de este sitio web despu\u00e9s de cualquier modificaci\u00f3n constituye su aceptaci\u00f3n de la pol\u00edtica modificada. Por este motivo, le recomendamos que revise esta pol\u00edtica de privacidad siempre que utilice este sitio web. La actualizaci\u00f3n m\u00e1s reciente fue noviembre de 2018.<\/span><\/p>\n<p><strong>Comentarios y preguntas:<\/strong><\/p>\n<p><span style=\"font-weight: 400;\">COMPARE FOODS siempre est\u00e1 interesado en lo que nuestros clientes tienen que decir. Si tiene alguna pregunta o inquietud, comun\u00edquese con nosotros.<\/span><\/p>\n<p style=\"text-align: justify;\">\n","protected":false},"excerpt":{"rendered":"<p>Pol\u00edtica de privacidad COMPARE FOODS comparte sus preocupaciones con respecto a la privacidad de la informaci\u00f3n personal recopilada en Internet. Lea esta informaci\u00f3n para obtener m\u00e1s informaci\u00f3n sobre la filosof\u00eda y la pol\u00edtica de privacidad de COMPARE FOODS. Esta pol\u00edtica revela las pr\u00e1cticas de recopilaci\u00f3n y difusi\u00f3n de informaci\u00f3n de COMPARE FOODS en relaci\u00f3n con [&hellip;]<\/p>\n","protected":false},"author":1,"featured_media":0,"parent":0,"menu_order":0,"comment_status":"closed","ping_status":"closed","template":"","meta":{"footnotes":""},"class_list":["post-3313","page","type-page","status-publish","hentry","wpautop"],"yoast_head":"<!-- This site is optimized with the Yoast SEO plugin v26.0 - https:\/\/yoast.com\/wordpress\/plugins\/seo\/ -->\n<title>Privacy Policy - Compare Foods Charlotte<\/title>\n<meta name=\"robots\" content=\"index, follow, max-snippet:-1, max-image-preview:large, max-video-preview:-1\" \/>\n<link rel=\"canonical\" href=\"https:\/\/www.compareclt.com\/es\/privacy-policy\" \/>\n<meta property=\"og:locale\" content=\"es_ES\" \/>\n<meta property=\"og:type\" content=\"article\" \/>\n<meta property=\"og:title\" content=\"Privacy Policy - Compare Foods Charlotte\" \/>\n<meta property=\"og:description\" content=\"Pol\u00edtica de privacidad COMPARE FOODS comparte sus preocupaciones con respecto a la privacidad de la informaci\u00f3n personal recopilada en Internet. Lea esta informaci\u00f3n para obtener m\u00e1s informaci\u00f3n sobre la filosof\u00eda y la pol\u00edtica de privacidad de COMPARE FOODS. Esta pol\u00edtica revela las pr\u00e1cticas de recopilaci\u00f3n y difusi\u00f3n de informaci\u00f3n de COMPARE FOODS en relaci\u00f3n con [&hellip;]\" \/>\n<meta property=\"og:url\" content=\"https:\/\/www.compareclt.com\/es\/privacy-policy\" \/>\n<meta property=\"og:site_name\" content=\"Compare Foods Charlotte\" \/>\n<meta property=\"article:modified_time\" content=\"2021-03-05T16:21:22+00:00\" \/>\n<meta property=\"og:image\" content=\"https:\/\/www.compareclt.com\/wp-content\/uploads\/2020\/11\/logo.png\" \/>\n\t<meta property=\"og:image:width\" content=\"1024\" \/>\n\t<meta property=\"og:image:height\" content=\"474\" \/>\n\t<meta property=\"og:image:type\" content=\"image\/png\" \/>\n<meta name=\"twitter:card\" content=\"summary_large_image\" \/>\n<meta name=\"twitter:label1\" content=\"Tiempo de lectura\" \/>\n\t<meta name=\"twitter:data1\" content=\"7 minutos\" \/>\n<script type=\"application\/ld+json\" class=\"yoast-schema-graph\">{\"@context\":\"https:\/\/schema.org\",\"@graph\":[{\"@type\":\"WebPage\",\"@id\":\"https:\/\/www.compareclt.com\/es\/privacy-policy\",\"url\":\"https:\/\/www.compareclt.com\/es\/privacy-policy\",\"name\":\"Privacy Policy - Compare Foods Charlotte\",\"isPartOf\":{\"@id\":\"https:\/\/www.compareclt.com\/#website\"},\"datePublished\":\"2016-01-06T14:49:24+00:00\",\"dateModified\":\"2021-03-05T16:21:22+00:00\",\"breadcrumb\":{\"@id\":\"https:\/\/www.compareclt.com\/es\/privacy-policy#breadcrumb\"},\"inLanguage\":\"es\",\"potentialAction\":[{\"@type\":\"ReadAction\",\"target\":[\"https:\/\/www.compareclt.com\/es\/privacy-policy\"]}]},{\"@type\":\"BreadcrumbList\",\"@id\":\"https:\/\/www.compareclt.com\/es\/privacy-policy#breadcrumb\",\"itemListElement\":[{\"@type\":\"ListItem\",\"position\":1,\"name\":\"Home\",\"item\":\"https:\/\/www.compareclt.com\/es\"},{\"@type\":\"ListItem\",\"position\":2,\"name\":\"Privacy Policy\"}]},{\"@type\":\"WebSite\",\"@id\":\"https:\/\/www.compareclt.com\/#website\",\"url\":\"https:\/\/www.compareclt.com\/\",\"name\":\"Compare Foods Charlotte\",\"description\":\"\",\"potentialAction\":[{\"@type\":\"SearchAction\",\"target\":{\"@type\":\"EntryPoint\",\"urlTemplate\":\"https:\/\/www.compareclt.com\/?s={search_term_string}\"},\"query-input\":{\"@type\":\"PropertyValueSpecification\",\"valueRequired\":true,\"valueName\":\"search_term_string\"}}],\"inLanguage\":\"es\"}]}<\/script>\n<!-- \/ Yoast SEO plugin. -->","yoast_head_json":{"title":"Privacy Policy - Compare Foods Charlotte","robots":{"index":"index","follow":"follow","max-snippet":"max-snippet:-1","max-image-preview":"max-image-preview:large","max-video-preview":"max-video-preview:-1"},"canonical":"https:\/\/www.compareclt.com\/es\/privacy-policy","og_locale":"es_ES","og_type":"article","og_title":"Privacy Policy - Compare Foods Charlotte","og_description":"Pol\u00edtica de privacidad COMPARE FOODS comparte sus preocupaciones con respecto a la privacidad de la informaci\u00f3n personal recopilada en Internet. Lea esta informaci\u00f3n para obtener m\u00e1s informaci\u00f3n sobre la filosof\u00eda y la pol\u00edtica de privacidad de COMPARE FOODS. Esta pol\u00edtica revela las pr\u00e1cticas de recopilaci\u00f3n y difusi\u00f3n de informaci\u00f3n de COMPARE FOODS en relaci\u00f3n con [&hellip;]","og_url":"https:\/\/www.compareclt.com\/es\/privacy-policy","og_site_name":"Compare Foods Charlotte","article_modified_time":"2021-03-05T16:21:22+00:00","og_image":[{"width":1024,"height":474,"url":"https:\/\/www.compareclt.com\/wp-content\/uploads\/2020\/11\/logo.png","type":"image\/png"}],"twitter_card":"summary_large_image","twitter_misc":{"Tiempo de lectura":"7 minutos"},"schema":{"@context":"https:\/\/schema.org","@graph":[{"@type":"WebPage","@id":"https:\/\/www.compareclt.com\/es\/privacy-policy","url":"https:\/\/www.compareclt.com\/es\/privacy-policy","name":"Privacy Policy - Compare Foods Charlotte","isPartOf":{"@id":"https:\/\/www.compareclt.com\/#website"},"datePublished":"2016-01-06T14:49:24+00:00","dateModified":"2021-03-05T16:21:22+00:00","breadcrumb":{"@id":"https:\/\/www.compareclt.com\/es\/privacy-policy#breadcrumb"},"inLanguage":"es","potentialAction":[{"@type":"ReadAction","target":["https:\/\/www.compareclt.com\/es\/privacy-policy"]}]},{"@type":"BreadcrumbList","@id":"https:\/\/www.compareclt.com\/es\/privacy-policy#breadcrumb","itemListElement":[{"@type":"ListItem","position":1,"name":"Home","item":"https:\/\/www.compareclt.com\/es"},{"@type":"ListItem","position":2,"name":"Privacy Policy"}]},{"@type":"WebSite","@id":"https:\/\/www.compareclt.com\/#website","url":"https:\/\/www.compareclt.com\/","name":"Compare Foods Charlotte","description":"","potentialAction":[{"@type":"SearchAction","target":{"@type":"EntryPoint","urlTemplate":"https:\/\/www.compareclt.com\/?s={search_term_string}"},"query-input":{"@type":"PropertyValueSpecification","valueRequired":true,"valueName":"search_term_string"}}],"inLanguage":"es"}]}},"_links":{"self":[{"href":"https:\/\/www.compareclt.com\/es\/wp-json\/wp\/v2\/pages\/3313","targetHints":{"allow":["GET"]}}],"collection":[{"href":"https:\/\/www.compareclt.com\/es\/wp-json\/wp\/v2\/pages"}],"about":[{"href":"https:\/\/www.compareclt.com\/es\/wp-json\/wp\/v2\/types\/page"}],"author":[{"embeddable":true,"href":"https:\/\/www.compareclt.com\/es\/wp-json\/wp\/v2\/users\/1"}],"replies":[{"embeddable":true,"href":"https:\/\/www.compareclt.com\/es\/wp-json\/wp\/v2\/comments?post=3313"}],"version-history":[{"count":1,"href":"https:\/\/www.compareclt.com\/es\/wp-json\/wp\/v2\/pages\/3313\/revisions"}],"predecessor-version":[{"id":7083,"href":"https:\/\/www.compareclt.com\/es\/wp-json\/wp\/v2\/pages\/3313\/revisions\/7083"}],"wp:attachment":[{"href":"https:\/\/www.compareclt.com\/es\/wp-json\/wp\/v2\/media?parent=3313"}],"curies":[{"name":"wp","href":"https:\/\/api.w.org\/{rel}","templated":true}]}}